{"id":76,"date":"2025-02-17T13:07:04","date_gmt":"2025-02-17T12:07:04","guid":{"rendered":"https:\/\/www.europaskolan.se\/varfruberga\/?page_id=76"},"modified":"2025-09-29T15:56:53","modified_gmt":"2025-09-29T13:56:53","slug":"forskola","status":"publish","type":"page","link":"https:\/\/www.europaskolan.se\/varfruberga\/forskola\/","title":{"rendered":"Om f\u00f6rskolan"},"content":{"rendered":"<p><img fetchpriority=\"high\" decoding=\"async\" class=\"alignnone size-large wp-image-60\" src=\"https:\/\/www.europaskolan.se\/varfruberga\/wp-content\/uploads\/sites\/5\/2025\/02\/ESV_Startsida-1-1024x683.jpg\" alt=\"\" width=\"1024\" height=\"683\" srcset=\"https:\/\/www.europaskolan.se\/varfruberga\/wp-content\/uploads\/sites\/5\/2025\/02\/ESV_Startsida-1-1024x683.jpg 1024w, https:\/\/www.europaskolan.se\/varfruberga\/wp-content\/uploads\/sites\/5\/2025\/02\/ESV_Startsida-1-300x200.jpg 300w, https:\/\/www.europaskolan.se\/varfruberga\/wp-content\/uploads\/sites\/5\/2025\/02\/ESV_Startsida-1-768x512.jpg 768w, https:\/\/www.europaskolan.se\/varfruberga\/wp-content\/uploads\/sites\/5\/2025\/02\/ESV_Startsida-1-272x182.jpg 272w, https:\/\/www.europaskolan.se\/varfruberga\/wp-content\/uploads\/sites\/5\/2025\/02\/ESV_Startsida-1.jpg 1500w\" sizes=\"(max-width: 1024px) 100vw, 1024px\" \/><\/p>\n<p><strong>P\u00e5 v\u00e5r f\u00f6rskola st\u00e5r barnens utveckling, trygghet och gl\u00e4dje i centrum.<\/strong> Vi arbetar aktivt med v\u00e4rdegrundsfr\u00e5gor f\u00f6r att skapa en milj\u00f6 d\u00e4r alla barn k\u00e4nner sig sedda, respekterade och uppskattade f\u00f6r den de \u00e4r. Genom att arbeta med empati, samarbete och ansvar l\u00e4gger vi en grund f\u00f6r barnens sociala och emotionella utveckling.<\/p>\n<p><strong>Trygghet \u00e4r grunden f\u00f6r allt l\u00e4rande.<\/strong> Vi arbetar f\u00f6r att varje barn ska k\u00e4nna sig trygg i v\u00e5r milj\u00f6, b\u00e5de tillsammans med kompisar och med v\u00e5ra pedagoger. Genom att bygga starka relationer och en tydlig struktur skapar vi en harmonisk milj\u00f6 d\u00e4r barnen kan v\u00e4xa och utvecklas i sin egen takt.<\/p>\n<p><strong>Vi tror p\u00e5 att naturen \u00e4r en fantastisk plats f\u00f6r l\u00e4rande och lek.<\/strong> Genom att vara utomhus f\u00e5r barnen m\u00f6jlighet att utforska, uppt\u00e4cka och utveckla sin kreativitet p\u00e5 ett naturligt s\u00e4tt. Vi anv\u00e4nder naturen f\u00f6r att integrera spr\u00e5k, matematik, teknik och motorik i barnens vardagliga aktiviteter.<\/p>\n<p><strong>Vi uppmuntrar barnens kreativitet och fantasi genom olika skapande aktiviteter, d<\/strong>\u00e4r de f\u00e5r m\u00f6jlighet att uttrycka sig med hj\u00e4lp av olika material och tekniker. Skapandet \u00e4r en central del av v\u00e5r verksamhet och en plattform f\u00f6r barnens lek, l\u00e4rande och probleml\u00f6sning.<\/p>\n<p><strong>Hos oss f\u00e5r barnen en trygg start i livet,<\/strong> d\u00e4r de f\u00e5r m\u00f6jlighet att vara nyfikna, utforska och utvecklas som individer.<\/p>\n<h3>M\u00e5ltider p\u00e5 f\u00f6rskolan<\/h3>\n<p><em>F\u00f6rskolan serverar b\u00e5de frukost, lunch och mellanm\u00e5l.<\/em><\/p>\n<p><strong>Hemlagad mat fr\u00e5n grunden \u2013 som p\u00e5 restaurang<\/strong><\/p>\n<p><strong>God, n\u00e4ringsrik och hemlagad mat,<\/strong> det f\u00e5r du som barn p\u00e5 Europaskolan V\u00e5rfruberga. Vi har eget tillagningsk\u00f6k, med riktiga r\u00e5varor och egen kock \u2013 precis som p\u00e5 en restaurang, d\u00e4rf\u00f6r talar vi om \u201cm\u00e5ltidsupplevelsen\u201d.<\/p>\n<p><strong>F\u00f6r att orka hela dagen \u00e4r det viktigt<\/strong> med en bra frukost, lunch och mellanm\u00e5l.\u00a0V\u00e5rt m\u00e5l \u00e4r d\u00e4rf\u00f6r att\u00a0servera b\u00e5de goda och n\u00e4ringsrika m\u00e5ltider. \u00a0Sj\u00e4lvklart tar vi h\u00e4nsyn till allergier och behov av specialkost. H\u00e4r ska du kunna \u00e4ta vare sig du \u00e4r vegetarian, gluten- eller laktosintolerant.<\/p>\n","protected":false},"excerpt":{"rendered":"<p>P\u00e5 v\u00e5r f\u00f6rskola st\u00e5r barnens utveckling, trygghet och gl\u00e4dje i centrum. Vi arbetar aktivt med v\u00e4rdegrundsfr\u00e5gor f\u00f6r att skapa en milj\u00f6 d\u00e4r alla barn k\u00e4nner sig sedda, respekterade och uppskattade f\u00f6r den de \u00e4r. Genom att arbeta med empati, samarbete och ansvar l\u00e4gger vi en grund f\u00f6r barnens sociala och emotionella utveckling. Trygghet \u00e4r grunden [&hellip;]<\/p>\n","protected":false},"author":2,"featured_media":0,"parent":0,"menu_order":0,"comment_status":"closed","ping_status":"closed","template":"","meta":{"footnotes":""},"class_list":["post-76","page","type-page","status-publish","hentry"],"blocksy_meta":[],"rttpg_featured_image_url":null,"rttpg_author":{"display_name":"camilla","author_link":"https:\/\/www.europaskolan.se\/varfruberga\/author\/camilla\/"},"rttpg_comment":0,"rttpg_category":null,"rttpg_excerpt":"P\u00e5 v\u00e5r f\u00f6rskola st\u00e5r barnens utveckling, trygghet och gl\u00e4dje i centrum. Vi arbetar aktivt med v\u00e4rdegrundsfr\u00e5gor f\u00f6r att skapa en milj\u00f6 d\u00e4r alla barn k\u00e4nner sig sedda, respekterade och uppskattade f\u00f6r den de \u00e4r. Genom att arbeta med empati, samarbete och ansvar l\u00e4gger vi en grund f\u00f6r barnens sociala och emotionella utveckling. Trygghet \u00e4r grunden&hellip;","_links":{"self":[{"href":"https:\/\/www.europaskolan.se\/varfruberga\/wp-json\/wp\/v2\/pages\/76","targetHints":{"allow":["GET"]}}],"collection":[{"href":"https:\/\/www.europaskolan.se\/varfruberga\/wp-json\/wp\/v2\/pages"}],"about":[{"href":"https:\/\/www.europaskolan.se\/varfruberga\/wp-json\/wp\/v2\/types\/page"}],"author":[{"embeddable":true,"href":"https:\/\/www.europaskolan.se\/varfruberga\/wp-json\/wp\/v2\/users\/2"}],"replies":[{"embeddable":true,"href":"https:\/\/www.europaskolan.se\/varfruberga\/wp-json\/wp\/v2\/comments?post=76"}],"version-history":[{"count":0,"href":"https:\/\/www.europaskolan.se\/varfruberga\/wp-json\/wp\/v2\/pages\/76\/revisions"}],"wp:attachment":[{"href":"https:\/\/www.europaskolan.se\/varfruberga\/wp-json\/wp\/v2\/media?parent=76"}],"curies":[{"name":"wp","href":"https:\/\/api.w.org\/{rel}","templated":true}]}}