{"id":38,"date":"2024-12-03T13:14:33","date_gmt":"2024-12-03T12:14:33","guid":{"rendered":"https:\/\/www.europaskolan.se\/varfruberga\/?page_id=38"},"modified":"2025-08-27T13:28:13","modified_gmt":"2025-08-27T11:28:13","slug":"om-europaskolan-varfruberga","status":"publish","type":"page","link":"https:\/\/www.europaskolan.se\/varfruberga\/om-europaskolan-varfruberga\/","title":{"rendered":"Om Europaskolan V\u00e5rfruberga"},"content":{"rendered":"<div class=\"elementor-element elementor-element-039b386 elementor-hidden-mobile elementor-widget elementor-widget-heading\" data-id=\"039b386\" data-element_type=\"widget\" data-widget_type=\"heading.default\">\n<div class=\"elementor-widget-container\">\n<p><strong><img fetchpriority=\"high\" decoding=\"async\" class=\"alignnone size-full wp-image-62\" src=\"https:\/\/www.europaskolan.se\/varfruberga\/wp-content\/uploads\/sites\/5\/2025\/02\/ESV_Startsida-3.jpg\" alt=\"\" width=\"1500\" height=\"1000\" srcset=\"https:\/\/www.europaskolan.se\/varfruberga\/wp-content\/uploads\/sites\/5\/2025\/02\/ESV_Startsida-3.jpg 1500w, https:\/\/www.europaskolan.se\/varfruberga\/wp-content\/uploads\/sites\/5\/2025\/02\/ESV_Startsida-3-300x200.jpg 300w, https:\/\/www.europaskolan.se\/varfruberga\/wp-content\/uploads\/sites\/5\/2025\/02\/ESV_Startsida-3-1024x683.jpg 1024w, https:\/\/www.europaskolan.se\/varfruberga\/wp-content\/uploads\/sites\/5\/2025\/02\/ESV_Startsida-3-768x512.jpg 768w, https:\/\/www.europaskolan.se\/varfruberga\/wp-content\/uploads\/sites\/5\/2025\/02\/ESV_Startsida-3-272x182.jpg 272w\" sizes=\"(max-width: 1500px) 100vw, 1500px\" \/><\/strong><\/p>\n<p><em>Europaskolan V\u00e5rfruberga ligger bara tio minuter fr\u00e5n Str\u00e4ngn\u00e4s, omgivet av natursk\u00f6na omr\u00e5den och vacker landsbygd. H\u00e4r erbjuds en trygg och inspirerande milj\u00f6, d\u00e4r v\u00e5ra f\u00f6rskolebarn och elevers utveckling och relationer st\u00e5r i centrum.<\/em><\/p>\n<p><strong>Verksamhetens sm\u00e5skalighet g\u00f6r att det skapas en n\u00e4ra kontakt<\/strong> mellan v\u00e5ra pedagoger, v\u00e5ra f\u00f6rskolebarn, elever och deras familjer, vilket st\u00e4rker b\u00e5de trivsel och l\u00e4rande.<\/p>\n<p><strong>P\u00e5 Europaskolan V\u00e5rfruberga <\/strong>l\u00e4ggs en solid grund redan p\u00e5 f\u00f6rskolan med fokus p\u00e5 att f\u00f6rankra v\u00e5r v\u00e4rdegrund, som bygger p\u00e5 gemenskap, respekt och omtanke.<\/p>\n<p><strong>R\u00f6relse \u00e4r ocks\u00e5 en naturlig del av vardagen<\/strong>\u00a0\u2013 b\u00e5de i undervisningen och p\u00e5 fritids. Med naturen som n\u00e4rmsta granne anv\u00e4nds utomhuspedagogik f\u00f6r att fr\u00e4mja h\u00e4lsa, l\u00e4rande och r\u00f6relsegl\u00e4dje. Omgivningens lugn och sk\u00f6nhet bidrar till en harmonisk och l\u00e4rorik vardag.<\/p>\n<p><strong>P\u00e5 Europaskolan V\u00e5rfruberga arbetar vi f\u00f6r att skapa en trygg<\/strong>\u00a0och stimulerande l\u00e4rmilj\u00f6\u00a0genom att m\u00f6ta varje f\u00f6rskolebarn och elevs unika behov p\u00e5 individniv\u00e5, st\u00e4rka samarbete och gemenskap p\u00e5 gruppniv\u00e5, samt utveckla h\u00e5llbara arbetss\u00e4tt och en inkluderande kultur p\u00e5 organisationsniv\u00e5.<\/p>\n<p><strong>Tillsammans skapas en f\u00f6rskola och skola<\/strong> d\u00e4r varje barn och elev kan n\u00e5 sin fulla potential.<\/p>\n<\/div>\n<\/div>\n","protected":false},"excerpt":{"rendered":"<p>Europaskolan V\u00e5rfruberga ligger bara tio minuter fr\u00e5n Str\u00e4ngn\u00e4s, omgivet av natursk\u00f6na omr\u00e5den och vacker landsbygd. H\u00e4r erbjuds en trygg och inspirerande milj\u00f6, d\u00e4r v\u00e5ra f\u00f6rskolebarn och elevers utveckling och relationer st\u00e5r i centrum. Verksamhetens sm\u00e5skalighet g\u00f6r att det skapas en n\u00e4ra kontakt mellan v\u00e5ra pedagoger, v\u00e5ra f\u00f6rskolebarn, elever och deras familjer, vilket st\u00e4rker b\u00e5de trivsel [&hellip;]<\/p>\n","protected":false},"author":2,"featured_media":0,"parent":0,"menu_order":0,"comment_status":"closed","ping_status":"closed","template":"","meta":{"footnotes":""},"class_list":["post-38","page","type-page","status-publish","hentry"],"blocksy_meta":[],"rttpg_featured_image_url":null,"rttpg_author":{"display_name":"camilla","author_link":"https:\/\/www.europaskolan.se\/varfruberga\/author\/camilla\/"},"rttpg_comment":0,"rttpg_category":null,"rttpg_excerpt":"Europaskolan V\u00e5rfruberga ligger bara tio minuter fr\u00e5n Str\u00e4ngn\u00e4s, omgivet av natursk\u00f6na omr\u00e5den och vacker landsbygd. H\u00e4r erbjuds en trygg och inspirerande milj\u00f6, d\u00e4r v\u00e5ra f\u00f6rskolebarn och elevers utveckling och relationer st\u00e5r i centrum. Verksamhetens sm\u00e5skalighet g\u00f6r att det skapas en n\u00e4ra kontakt mellan v\u00e5ra pedagoger, v\u00e5ra f\u00f6rskolebarn, elever och deras familjer, vilket st\u00e4rker b\u00e5de trivsel&hellip;","_links":{"self":[{"href":"https:\/\/www.europaskolan.se\/varfruberga\/wp-json\/wp\/v2\/pages\/38","targetHints":{"allow":["GET"]}}],"collection":[{"href":"https:\/\/www.europaskolan.se\/varfruberga\/wp-json\/wp\/v2\/pages"}],"about":[{"href":"https:\/\/www.europaskolan.se\/varfruberga\/wp-json\/wp\/v2\/types\/page"}],"author":[{"embeddable":true,"href":"https:\/\/www.europaskolan.se\/varfruberga\/wp-json\/wp\/v2\/users\/2"}],"replies":[{"embeddable":true,"href":"https:\/\/www.europaskolan.se\/varfruberga\/wp-json\/wp\/v2\/comments?post=38"}],"version-history":[{"count":0,"href":"https:\/\/www.europaskolan.se\/varfruberga\/wp-json\/wp\/v2\/pages\/38\/revisions"}],"wp:attachment":[{"href":"https:\/\/www.europaskolan.se\/varfruberga\/wp-json\/wp\/v2\/media?parent=38"}],"curies":[{"name":"wp","href":"https:\/\/api.w.org\/{rel}","templated":true}]}}