{"id":13,"date":"2025-04-08T10:43:10","date_gmt":"2025-04-08T08:43:10","guid":{"rendered":"https:\/\/www.europaskolan.se\/varfruberga\/?page_id=13"},"modified":"2026-04-27T09:28:31","modified_gmt":"2026-04-27T07:28:31","slug":"veckans-meny","status":"publish","type":"page","link":"https:\/\/www.europaskolan.se\/varfruberga\/veckans-meny\/","title":{"rendered":"Veckans meny"},"content":{"rendered":"<p><img fetchpriority=\"high\" decoding=\"async\" class=\"alignnone size-full wp-image-237\" src=\"https:\/\/www.europaskolan.se\/varfruberga\/wp-content\/uploads\/sites\/5\/2025\/08\/ESV_BILDSPEL-2025-68.jpg\" alt=\"\" width=\"2000\" height=\"1339\" srcset=\"https:\/\/www.europaskolan.se\/varfruberga\/wp-content\/uploads\/sites\/5\/2025\/08\/ESV_BILDSPEL-2025-68.jpg 2000w, https:\/\/www.europaskolan.se\/varfruberga\/wp-content\/uploads\/sites\/5\/2025\/08\/ESV_BILDSPEL-2025-68-300x201.jpg 300w, https:\/\/www.europaskolan.se\/varfruberga\/wp-content\/uploads\/sites\/5\/2025\/08\/ESV_BILDSPEL-2025-68-1024x686.jpg 1024w, https:\/\/www.europaskolan.se\/varfruberga\/wp-content\/uploads\/sites\/5\/2025\/08\/ESV_BILDSPEL-2025-68-768x514.jpg 768w, https:\/\/www.europaskolan.se\/varfruberga\/wp-content\/uploads\/sites\/5\/2025\/08\/ESV_BILDSPEL-2025-68-1536x1028.jpg 1536w, https:\/\/www.europaskolan.se\/varfruberga\/wp-content\/uploads\/sites\/5\/2025\/08\/ESV_BILDSPEL-2025-68-272x182.jpg 272w\" sizes=\"(max-width: 2000px) 100vw, 2000px\" \/><br \/>\n<span style=\"color: #ffffff;\">Bland annat kommer vi servera dessa r\u00e4tter<\/span><\/p>\n<h5>Bland annat kommer vi servera dessa r\u00e4tter under vecka 18<\/h5>\n<hr \/>\n<p data-start=\"67\" data-end=\"105\"><strong data-start=\"67\" data-end=\"77\">M\u00e5ndag<\/strong><br data-start=\"77\" data-end=\"80\" \/>Falukorv med gurkmajonn\u00e4s<\/p>\n<p data-start=\"107\" data-end=\"135\"><strong data-start=\"107\" data-end=\"117\">Tisdag<\/strong><br data-start=\"117\" data-end=\"120\" \/>Pasta carbonara<\/p>\n<p data-start=\"137\" data-end=\"172\"><strong data-start=\"137\" data-end=\"147\">Onsdag<\/strong><br data-start=\"147\" data-end=\"150\" \/>Fisktaco med tillbeh\u00f6r<\/p>\n<p data-start=\"174\" data-end=\"222\"><strong data-start=\"174\" data-end=\"185\">Torsdag<\/strong><br data-start=\"185\" data-end=\"188\" \/>Cowboysoppa samt pannkaka med sylt<\/p>\n<p data-start=\"224\" data-end=\"243\" data-is-last-node=\"\" data-is-only-node=\"\"><strong data-start=\"224\" data-end=\"234\">Fredag<\/strong><br data-start=\"234\" data-end=\"237\" \/>Ledigt<\/p>\n<hr \/>\n<p><em>Med reservation f\u00f6r \u00e4ndringar.<\/em><\/p>\n","protected":false},"excerpt":{"rendered":"<p>Bland annat kommer vi servera dessa r\u00e4tter Bland annat kommer vi servera dessa r\u00e4tter under vecka 18 M\u00e5ndagFalukorv med gurkmajonn\u00e4s TisdagPasta carbonara OnsdagFisktaco med tillbeh\u00f6r TorsdagCowboysoppa samt pannkaka med sylt FredagLedigt Med reservation f\u00f6r \u00e4ndringar.<\/p>\n","protected":false},"author":2,"featured_media":0,"parent":0,"menu_order":0,"comment_status":"closed","ping_status":"closed","template":"","meta":{"footnotes":""},"class_list":["post-13","page","type-page","status-publish","hentry"],"blocksy_meta":[],"rttpg_featured_image_url":null,"rttpg_author":{"display_name":"camilla","author_link":"https:\/\/www.europaskolan.se\/varfruberga\/author\/camilla\/"},"rttpg_comment":0,"rttpg_category":null,"rttpg_excerpt":"Bland annat kommer vi servera dessa r\u00e4tter Bland annat kommer vi servera dessa r\u00e4tter under vecka 18 M\u00e5ndagFalukorv med gurkmajonn\u00e4s TisdagPasta carbonara OnsdagFisktaco med tillbeh\u00f6r TorsdagCowboysoppa samt pannkaka med sylt FredagLedigt Med reservation f\u00f6r \u00e4ndringar.","_links":{"self":[{"href":"https:\/\/www.europaskolan.se\/varfruberga\/wp-json\/wp\/v2\/pages\/13","targetHints":{"allow":["GET"]}}],"collection":[{"href":"https:\/\/www.europaskolan.se\/varfruberga\/wp-json\/wp\/v2\/pages"}],"about":[{"href":"https:\/\/www.europaskolan.se\/varfruberga\/wp-json\/wp\/v2\/types\/page"}],"author":[{"embeddable":true,"href":"https:\/\/www.europaskolan.se\/varfruberga\/wp-json\/wp\/v2\/users\/2"}],"replies":[{"embeddable":true,"href":"https:\/\/www.europaskolan.se\/varfruberga\/wp-json\/wp\/v2\/comments?post=13"}],"version-history":[{"count":0,"href":"https:\/\/www.europaskolan.se\/varfruberga\/wp-json\/wp\/v2\/pages\/13\/revisions"}],"wp:attachment":[{"href":"https:\/\/www.europaskolan.se\/varfruberga\/wp-json\/wp\/v2\/media?parent=13"}],"curies":[{"name":"wp","href":"https:\/\/api.w.org\/{rel}","templated":true}]}}