{"id":107,"date":"2025-04-08T10:40:42","date_gmt":"2025-04-08T08:40:42","guid":{"rendered":"https:\/\/www.europaskolan.se\/varfruberga\/?page_id=107"},"modified":"2026-03-16T15:53:58","modified_gmt":"2026-03-16T14:53:58","slug":"lasarstider","status":"publish","type":"page","link":"https:\/\/www.europaskolan.se\/varfruberga\/lasarstider\/","title":{"rendered":"L\u00e4s\u00e5rstider skola och fritids"},"content":{"rendered":"<h3 data-start=\"201\" data-end=\"580\">V\u00e5rterminen 2026<\/h3>\n<p><strong>8 januari \u2013 11 juni<\/strong><\/p>\n<p data-start=\"201\" data-end=\"580\">Studiedag: onsdag 7 januari<br data-start=\"251\" data-end=\"254\" \/>Terminsstart: torsdag 8 januari<br data-start=\"285\" data-end=\"288\" \/>Sportlov: vecka 8 (elever och l\u00e4rare lediga, fritidshemmet \u00f6ppet)<br data-start=\"353\" data-end=\"356\" \/>Studiedag: m\u00e5ndag 9 mars<br data-start=\"380\" data-end=\"383\" \/>P\u00e5sklov: vecka 15, 6\u201310 april (elever och l\u00e4rare lediga, fritidshemmet \u00f6ppet)<br data-start=\"460\" data-end=\"463\" \/>Lovdag: fredag 15 maj (elever och l\u00e4rare lediga, fritidshemmet \u00f6ppet)<br data-start=\"532\" data-end=\"535\" \/>L\u00e4s\u00e5ret avslutas: kv\u00e4llstid torsdag 11 juni<\/p>\n<hr \/>\n<h3 data-start=\"582\" data-end=\"825\">H\u00f6stterminen 2026<\/h3>\n<p><strong>19 augusti \u2013 18 december<\/strong><\/p>\n<p data-start=\"582\" data-end=\"825\">Studiedag: torsdag 13 augusti<br data-start=\"635\" data-end=\"638\" \/>Terminsstart: onsdag 19 augusti<br data-start=\"669\" data-end=\"672\" \/>Studiedag: onsdag 23 september<br data-start=\"702\" data-end=\"705\" \/>H\u00f6stlov: vecka 44, 26\u201330 oktober (elever och l\u00e4rare lediga, fritidshemmet \u00f6ppet)<br data-start=\"785\" data-end=\"788\" \/>Terminen slutar: fredag 18 december<\/p>\n<hr \/>\n<h3 data-start=\"827\" data-end=\"1234\">V\u00e5rterminen 2027<\/h3>\n<p><strong>8 januari \u2013 11 juni<\/strong><\/p>\n<p data-start=\"827\" data-end=\"1234\">Studiedag: torsdag 7 januari<br data-start=\"878\" data-end=\"881\" \/>Terminsstart: fredag 8 januari<br data-start=\"911\" data-end=\"914\" \/>Sportlov: 22\u201326 februari (elever och l\u00e4rare lediga, fritidshemmet \u00f6ppet)<br data-start=\"986\" data-end=\"989\" \/>Studiedag: m\u00e5ndag 8 mars<br data-start=\"1013\" data-end=\"1016\" \/>P\u00e5sklov: 30 mars\u20132 april (elever och l\u00e4rare lediga, fritidshemmet \u00f6ppet)<br data-start=\"1088\" data-end=\"1091\" \/>Lovdag: fredag 7 maj (elever och l\u00e4rare lediga, fritidshemmet \u00f6ppet)<br data-start=\"1159\" data-end=\"1162\" \/>Terminen slutar: fredag 11 juni (alternativt torsdag 10 juni p\u00e5 kv\u00e4llen)<\/p>\n","protected":false},"excerpt":{"rendered":"<p>V\u00e5rterminen 2026 8 januari \u2013 11 juni Studiedag: onsdag 7 januariTerminsstart: torsdag 8 januariSportlov: vecka 8 (elever och l\u00e4rare lediga, fritidshemmet \u00f6ppet)Studiedag: m\u00e5ndag 9 marsP\u00e5sklov: vecka 15, 6\u201310 april (elever och l\u00e4rare lediga, fritidshemmet \u00f6ppet)Lovdag: fredag 15 maj (elever och l\u00e4rare lediga, fritidshemmet \u00f6ppet)L\u00e4s\u00e5ret avslutas: kv\u00e4llstid torsdag 11 juni H\u00f6stterminen 2026 19 augusti \u2013 18 [&hellip;]<\/p>\n","protected":false},"author":2,"featured_media":0,"parent":0,"menu_order":0,"comment_status":"closed","ping_status":"closed","template":"","meta":{"footnotes":""},"class_list":["post-107","page","type-page","status-publish","hentry"],"blocksy_meta":[],"rttpg_featured_image_url":null,"rttpg_author":{"display_name":"camilla","author_link":"https:\/\/www.europaskolan.se\/varfruberga\/author\/camilla\/"},"rttpg_comment":0,"rttpg_category":null,"rttpg_excerpt":"V\u00e5rterminen 2026 8 januari \u2013 11 juni Studiedag: onsdag 7 januariTerminsstart: torsdag 8 januariSportlov: vecka 8 (elever och l\u00e4rare lediga, fritidshemmet \u00f6ppet)Studiedag: m\u00e5ndag 9 marsP\u00e5sklov: vecka 15, 6\u201310 april (elever och l\u00e4rare lediga, fritidshemmet \u00f6ppet)Lovdag: fredag 15 maj (elever och l\u00e4rare lediga, fritidshemmet \u00f6ppet)L\u00e4s\u00e5ret avslutas: kv\u00e4llstid torsdag 11 juni H\u00f6stterminen 2026 19 augusti \u2013 18&hellip;","_links":{"self":[{"href":"https:\/\/www.europaskolan.se\/varfruberga\/wp-json\/wp\/v2\/pages\/107","targetHints":{"allow":["GET"]}}],"collection":[{"href":"https:\/\/www.europaskolan.se\/varfruberga\/wp-json\/wp\/v2\/pages"}],"about":[{"href":"https:\/\/www.europaskolan.se\/varfruberga\/wp-json\/wp\/v2\/types\/page"}],"author":[{"embeddable":true,"href":"https:\/\/www.europaskolan.se\/varfruberga\/wp-json\/wp\/v2\/users\/2"}],"replies":[{"embeddable":true,"href":"https:\/\/www.europaskolan.se\/varfruberga\/wp-json\/wp\/v2\/comments?post=107"}],"version-history":[{"count":0,"href":"https:\/\/www.europaskolan.se\/varfruberga\/wp-json\/wp\/v2\/pages\/107\/revisions"}],"wp:attachment":[{"href":"https:\/\/www.europaskolan.se\/varfruberga\/wp-json\/wp\/v2\/media?parent=107"}],"curies":[{"name":"wp","href":"https:\/\/api.w.org\/{rel}","templated":true}]}}