{"id":6525,"date":"2015-11-11T12:00:58","date_gmt":"2015-11-11T11:00:58","guid":{"rendered":"https:\/\/www.europaskolan.se\/?page_id=6525"},"modified":"2025-11-18T15:23:27","modified_gmt":"2025-11-18T14:23:27","slug":"modern-humanities-spetsutbildning","status":"publish","type":"page","link":"https:\/\/www.europaskolan.se\/strangnas\/gymnasieprogram\/modern-humanities-spetsutbildning\/","title":{"rendered":"Modern Humanities \u2013 spetsutbildning"},"content":{"rendered":"<p><img fetchpriority=\"high\" decoding=\"async\" class=\"alignnone size-full wp-image-15882\" src=\"https:\/\/www.europaskolan.se\/strangnas\/wp-content\/uploads\/sites\/2\/2024\/11\/Mod-programmet-2024-4-1.jpg\" alt=\"\" width=\"960\" height=\"300\" srcset=\"https:\/\/www.europaskolan.se\/strangnas\/wp-content\/uploads\/sites\/2\/2024\/11\/Mod-programmet-2024-4-1.jpg 960w, https:\/\/www.europaskolan.se\/strangnas\/wp-content\/uploads\/sites\/2\/2024\/11\/Mod-programmet-2024-4-1-680x213.jpg 680w, https:\/\/www.europaskolan.se\/strangnas\/wp-content\/uploads\/sites\/2\/2024\/11\/Mod-programmet-2024-4-1-200x63.jpg 200w, https:\/\/www.europaskolan.se\/strangnas\/wp-content\/uploads\/sites\/2\/2024\/11\/Mod-programmet-2024-4-1-768x240.jpg 768w\" sizes=\"(max-width: 960px) 100vw, 960px\" \/><\/p>\n<h3>Modern Humanities \u2013 spetsutbildning i samh\u00e4llskunskap och historia<\/h3>\n<p><em>\u00c4r du s\u00e4rskilt intresserad av samh\u00e4llskunskap och historia?\u00a0Vill tr\u00e4ffa intressanta g\u00e4stf\u00f6rel\u00e4sare och g\u00f6ra sp\u00e4nnande studiebes\u00f6k, bland annat utomlands?\u00a0P\u00e5 spetsutbildningen Modern Humanities f\u00e5r du f\u00f6rdjupad kunskap om omv\u00e4rlden, med special\u00e4mnen som bara finns p\u00e5 Europaskolan Str\u00e4ngn\u00e4s.<\/em><\/p>\n<p><strong>Modern Humanities \u00e4r ett unikt program f\u00f6r dig som \u00e4r samh\u00e4lls\u00adintresserad.<\/strong> I grunden l\u00e4ser du samma \u00e4mnen som p\u00e5 samh\u00e4llsvetenskapsprogrammet men vissa saker \u00e4r annorlunda.<\/p>\n<p><strong>Det \u00e4r en spetsutbildning med f\u00f6rdjupning,<\/strong> d\u00e4r du ocks\u00e5 f\u00e5r l\u00e4sa special\u00e4mnen som bara finns p\u00e5 Europaskolan Str\u00e4ngn\u00e4s. (L\u00e4s mer om\u00a0\u00e4mnena nedan.)<\/p>\n<p><strong>H\u00e4r f\u00e5r du mer ing\u00e5ende s\u00e4tta dig in i fr\u00e5gor och \u00e4mnen som \u00e4r centrala f\u00f6r v\u00e5rt samh\u00e4lle och v\u00e5r tid.<\/strong> Vi lyfter \u00e4ven fram Europa och det europeiska arvets betydelse,\u00a0d\u00e5 v\u00e5r skola har s\u00e4rskilt fokus p\u00e5 Europastudier.<\/p>\n<p><strong>Vill du n\u00e5 \u00e4nnu l\u00e4ngre? D\u00e5 finns m\u00f6jligheten att l\u00e4sa en universitetskurs i samarbete med Uppsala universitet. <\/strong>Den h\u00e4r kursen \u00e4r \u00e4ven synkad med ett av spets\u00e4mnena du l\u00e4ser h\u00e4r p\u00e5 Europaskolan Str\u00e4ngn\u00e4s. Det betyder att du f\u00e5r \u201ddubbelt betalt\u201d f\u00f6r det arbete du l\u00e4gger ner: F\u00f6rutom att du l\u00e4r dig mycket mer, kan du n\u00e4mligen anv\u00e4nda kunskaperna i dina gymnasiestudier.<\/p>\n<p><strong>Under utbildningen f\u00e5r du ocks\u00e5 resa till platser d\u00e4r d\u00e5tid och nutid sm\u00e4lter samman,<\/strong>\u00a0tillsammans med dina klasskamrater. D\u00e5 studerar vi och upplever bes\u00f6ksm\u00e5l som format v\u00e5r historia och p\u00e5verkar v\u00e4rlden i dag. Vi har varit i London f\u00f6r att studera europeisk historia och kultur med bes\u00f6k p\u00e5 bland annat British museum, National art gallery, The Sheakspeare\u2019s Globe och den svenska ambassaden och handelskammaren. Tidigare \u00e5r har vi ocks\u00e5 varit i New York f\u00f6r att exempelvis bes\u00f6ka FN:s h\u00f6gkvarter, den svenska FN-representationen, Ellis Island samt Metropolitan Museum of Art. I samband med detta har vi bes\u00f6kt v\u00e4rldens politiska maktcentrum Washington DC med fokus p\u00e5 viktiga platser kring The National Mall.<\/p>\n<h3>F\u00f6rdjupnings\u00e4mnen<\/h3>\n<p><strong>Demokrati och m\u00e4nskliga r\u00e4ttigheter:\u00a0<\/strong>Hur har demokratin v\u00e4xt fram och hur ser utvecklingen i v\u00e4rlden ut i dag? H\u00e4r f\u00e5r du f\u00f6rdjupa dig i begreppen demokrati och m\u00e4nskliga r\u00e4ttigheter ur olika aspekter. Du f\u00e5r ocks\u00e5 l\u00e4ra dig om demokratiska problem och utmaningar<strong>,<\/strong> medborgarnas politiska attityder och m\u00f6jligheter att uttrycka dessa.<\/p>\n<p><strong>\u00c4mnet handlar \u00e4ven om de m\u00e4nskliga r\u00e4ttigheterna:<\/strong> Hur har de uppkommit och hur ser deras historia ut fram till i dag? L\u00e4r dig mer om vilka olika typer av r\u00e4ttigheter det finns och hur utmaningarna ser ut, b\u00e5de i dag och i framtiden.<\/p>\n<p><strong>Europakunskap:<\/strong> \u00c4mnet tar upp Europas historia, samtid och framtid. Fokus kommer att ligga p\u00e5 senare tid, det vill s\u00e4ga fr\u00e5n 1700-talet och fram\u00e5t. H\u00e4r tar vi upp s\u00e5dant som Europas historia och nuvarande l\u00e4ge, och du kan sedan f\u00f6rdjupa dig i valda arbetsomr\u00e5den kopplade till Europa. Fokus ligger ocks\u00e5 p\u00e5 det europeiska gemensamma arvet, till exempel id\u00e9m\u00e4ssigt, kulturellt, politiskt, socialt och religi\u00f6st. Dessutom handlar kursen om den Europeiska unionen, dess f\u00f6delse och uppbyggnad samt dagens och framtidens utmaningar.<\/p>\n<p><strong>Retorik<\/strong>\u00a0<strong>samt<\/strong>\u00a0<strong>kultur- och id\u00e9historia:<\/strong> I retorik l\u00e4r du dig mycket om hur man \u00f6vertygar andra. Samtidigt g\u00e5r vi igenom hur andra i historien och i dag g\u00f6r f\u00f6r att \u00f6vertyga om sina \u00e5sikter. Kultur- och id\u00e9historia handlar dels om hur kulturen har utvecklats genom tiderna, dels om hur olika id\u00e9er har p\u00e5verkat samh\u00e4llet genom historiens g\u00e5ng och hur dessa b\u00e5da har samspelat med varandra.<\/p>\n<h3>Vad kan du bli?<\/h3>\n<p>Efter spetsutbildningen Modern Humanities kan du bland annat vidareutbilda dig f\u00f6r att arbeta som\/med detta:<\/p>\n<ul>\n<li>Omv\u00e4rldsanalytiker<\/li>\n<li>Journalist<\/li>\n<li>Jurist<\/li>\n<li>Samh\u00e4llsvetare<\/li>\n<li>\u00c4mnesl\u00e4rare<\/li>\n<li>Politiker\/politisk sekreterare<\/li>\n<li>Forskare<\/li>\n<li>Statsvetare<\/li>\n<li>Kommunikat\u00f6r<\/li>\n<li>Arbete med m\u00e4nskliga r\u00e4ttigheter<\/li>\n<li>Bist\u00e5ndsarbetare<\/li>\n<li>Arbete inom olika internationella organisationer<\/li>\n<\/ul>\n<h3>Information om antagningsprovet till Modern Humanities<\/h3>\n<p><strong>F\u00f6r att bli antagen till spetsutbildningen Modern Humanities p\u00e5 Europaskolan Str\u00e4ngn\u00e4s<\/strong> m\u00e5ste du g\u00f6ra ett antagningsprov som visar att dina kunskaper i historia och samh\u00e4llskunskap \u00e4r tillr\u00e4ckliga f\u00f6r utbildningen. Provet \u00e4r skriftligt och liknar de \u00e4mnesprov i historia och samh\u00e4llskunskap som du g\u00f6r i \u00e5rskurs 9, s\u00e5 du kommer k\u00e4nna igen provets uppl\u00e4gg.<\/p>\n<blockquote><p><strong>Antagningsproven 2026<\/strong> genomf\u00f6rs under mars\u2013april. Vi \u00e5terkommer inom kort med exakta datum.<\/p><\/blockquote>\n<p><strong>Det \u00e4r inte bara provet som avg\u00f6r om du blir antagen, utan ocks\u00e5 ditt meritv\u00e4rde<\/strong> fr\u00e5n grundskolan. Om du uppfyller de nationella kraven f\u00f6r att g\u00e5 p\u00e5 gymnasiet f\u00e5r du m\u00f6jlighet att g\u00f6ra provet.<\/p>\n<p><strong>Mer detaljerad information om provet, f\u00f6rberedelser och genomf\u00f6rande<\/strong> skickas ut till dig som s\u00f6ker programmet.<\/p>\n<hr \/>\n<p><em><strong>H\u00e4r kan du ladda ner po\u00e4ngplanen f\u00f6r Modern Humanities som pdf.<\/strong><\/em><\/p>\n<p><strong>Po\u00e4ngplan<\/strong>: <a href=\"https:\/\/www.europaskolan.se\/strangnas\/wp-content\/uploads\/sites\/2\/2025\/01\/Poangplaner-MODHUM.pdf\">Modern Humanities \u2013 spetsutbildning &gt;<\/a><\/p>\n<p><strong>Vill du veta mer om spetsutbildningar i Sverige?<br \/>\n<\/strong>L\u00e4s h\u00e4r:\u00a0<a href=\"http:\/\/www.spetsutbildningar.se\/\" target=\"_blank\" rel=\"noopener noreferrer\">www.spetsutbildningar.se<\/a><\/p>\n","protected":false},"excerpt":{"rendered":"<p>Modern Humanities \u2013 spetsutbildning i samh\u00e4llskunskap och historia \u00c4r du s\u00e4rskilt intresserad av samh\u00e4llskunskap och historia?\u00a0Vill tr\u00e4ffa intressanta g\u00e4stf\u00f6rel\u00e4sare och g\u00f6ra sp\u00e4nnande studiebes\u00f6k, bland annat utomlands?\u00a0P\u00e5 spetsutbildningen Modern Humanities f\u00e5r du f\u00f6rdjupad kunskap om omv\u00e4rlden, med special\u00e4mnen som bara finns p\u00e5 Europaskolan Str\u00e4ngn\u00e4s. Modern Humanities \u00e4r ett unikt program f\u00f6r dig som \u00e4r samh\u00e4lls\u00adintresserad. I [&hellip;]<\/p>\n","protected":false},"author":2,"featured_media":15882,"parent":153,"menu_order":0,"comment_status":"closed","ping_status":"closed","template":"","meta":{"footnotes":""},"class_list":["post-6525","page","type-page","status-publish","has-post-thumbnail","hentry"],"blocksy_meta":[],"rttpg_featured_image_url":{"full":["https:\/\/www.europaskolan.se\/strangnas\/wp-content\/uploads\/sites\/2\/2024\/11\/Mod-programmet-2024-4-1.jpg",960,300,false],"landscape":["https:\/\/www.europaskolan.se\/strangnas\/wp-content\/uploads\/sites\/2\/2024\/11\/Mod-programmet-2024-4-1.jpg",960,300,false],"portraits":["https:\/\/www.europaskolan.se\/strangnas\/wp-content\/uploads\/sites\/2\/2024\/11\/Mod-programmet-2024-4-1.jpg",960,300,false],"thumbnail":["https:\/\/www.europaskolan.se\/strangnas\/wp-content\/uploads\/sites\/2\/2024\/11\/Mod-programmet-2024-4-1-200x63.jpg",200,63,true],"medium":["https:\/\/www.europaskolan.se\/strangnas\/wp-content\/uploads\/sites\/2\/2024\/11\/Mod-programmet-2024-4-1-680x213.jpg",680,213,true],"large":["https:\/\/www.europaskolan.se\/strangnas\/wp-content\/uploads\/sites\/2\/2024\/11\/Mod-programmet-2024-4-1.jpg",960,300,false],"1536x1536":["https:\/\/www.europaskolan.se\/strangnas\/wp-content\/uploads\/sites\/2\/2024\/11\/Mod-programmet-2024-4-1.jpg",960,300,false],"2048x2048":["https:\/\/www.europaskolan.se\/strangnas\/wp-content\/uploads\/sites\/2\/2024\/11\/Mod-programmet-2024-4-1.jpg",960,300,false],"sow-carousel-default":["https:\/\/www.europaskolan.se\/strangnas\/wp-content\/uploads\/sites\/2\/2024\/11\/Mod-programmet-2024-4-1-272x182.jpg",272,182,true]},"rttpg_author":{"display_name":"camilla","author_link":"https:\/\/www.europaskolan.se\/strangnas\/author\/camilla\/"},"rttpg_comment":0,"rttpg_category":null,"rttpg_excerpt":"Modern Humanities \u2013 spetsutbildning i samh\u00e4llskunskap och historia \u00c4r du s\u00e4rskilt intresserad av samh\u00e4llskunskap och historia?\u00a0Vill tr\u00e4ffa intressanta g\u00e4stf\u00f6rel\u00e4sare och g\u00f6ra sp\u00e4nnande studiebes\u00f6k, bland annat utomlands?\u00a0P\u00e5 spetsutbildningen Modern Humanities f\u00e5r du f\u00f6rdjupad kunskap om omv\u00e4rlden, med special\u00e4mnen som bara finns p\u00e5 Europaskolan Str\u00e4ngn\u00e4s. Modern Humanities \u00e4r ett unikt program f\u00f6r dig som \u00e4r samh\u00e4lls\u00adintresserad. I&hellip;","_links":{"self":[{"href":"https:\/\/www.europaskolan.se\/strangnas\/wp-json\/wp\/v2\/pages\/6525","targetHints":{"allow":["GET"]}}],"collection":[{"href":"https:\/\/www.europaskolan.se\/strangnas\/wp-json\/wp\/v2\/pages"}],"about":[{"href":"https:\/\/www.europaskolan.se\/strangnas\/wp-json\/wp\/v2\/types\/page"}],"author":[{"embeddable":true,"href":"https:\/\/www.europaskolan.se\/strangnas\/wp-json\/wp\/v2\/users\/2"}],"replies":[{"embeddable":true,"href":"https:\/\/www.europaskolan.se\/strangnas\/wp-json\/wp\/v2\/comments?post=6525"}],"version-history":[{"count":0,"href":"https:\/\/www.europaskolan.se\/strangnas\/wp-json\/wp\/v2\/pages\/6525\/revisions"}],"up":[{"embeddable":true,"href":"https:\/\/www.europaskolan.se\/strangnas\/wp-json\/wp\/v2\/pages\/153"}],"wp:featuredmedia":[{"embeddable":true,"href":"https:\/\/www.europaskolan.se\/strangnas\/wp-json\/wp\/v2\/media\/15882"}],"wp:attachment":[{"href":"https:\/\/www.europaskolan.se\/strangnas\/wp-json\/wp\/v2\/media?parent=6525"}],"curies":[{"name":"wp","href":"https:\/\/api.w.org\/{rel}","templated":true}]}}