{"id":577,"date":"2013-03-05T09:54:20","date_gmt":"2013-03-05T08:54:20","guid":{"rendered":"https:\/\/www.europaskolan.se\/wordpress\/?page_id=577"},"modified":"2026-04-12T19:58:32","modified_gmt":"2026-04-12T17:58:32","slug":"meny-europaskolan-strangnas","status":"publish","type":"page","link":"https:\/\/www.europaskolan.se\/strangnas\/meny-europaskolan-strangnas\/","title":{"rendered":"Meny Europaskolan Str\u00e4ngn\u00e4s"},"content":{"rendered":"<p><img fetchpriority=\"high\" decoding=\"async\" class=\"alignnone size-full wp-image-16671\" src=\"https:\/\/www.europaskolan.se\/strangnas\/wp-content\/uploads\/sites\/2\/2025\/12\/ESS_Jernhandeln-9-1024x767-1.jpg\" alt=\"\" width=\"1024\" height=\"767\" srcset=\"https:\/\/www.europaskolan.se\/strangnas\/wp-content\/uploads\/sites\/2\/2025\/12\/ESS_Jernhandeln-9-1024x767-1.jpg 1024w, https:\/\/www.europaskolan.se\/strangnas\/wp-content\/uploads\/sites\/2\/2025\/12\/ESS_Jernhandeln-9-1024x767-1-401x300.jpg 401w, https:\/\/www.europaskolan.se\/strangnas\/wp-content\/uploads\/sites\/2\/2025\/12\/ESS_Jernhandeln-9-1024x767-1-200x150.jpg 200w, https:\/\/www.europaskolan.se\/strangnas\/wp-content\/uploads\/sites\/2\/2025\/12\/ESS_Jernhandeln-9-1024x767-1-768x575.jpg 768w\" sizes=\"(max-width: 1024px) 100vw, 1024px\" \/><\/p>\n<h3>Bland annat kommer vi servera dessa r\u00e4tter under vecka 16<\/h3>\n<h3><em style=\"font-size: 16px;\">(Vi serverar vegetariska alternativ dagligen.)<\/em><\/h3>\n<hr \/>\n<p data-start=\"51\" data-end=\"172\"><strong data-start=\"51\" data-end=\"61\">M\u00e5ndag<\/strong><br data-start=\"61\" data-end=\"64\" \/>Kyckling i gul currys\u00e5s med ris<br data-start=\"95\" data-end=\"98\" \/>Vegetariskt alternativ: B\u00f6nor och rostad zucchini i gul currys\u00e5s med ris<\/p>\n<p data-start=\"174\" data-end=\"273\"><strong data-start=\"174\" data-end=\"184\">Tisdag<\/strong><br data-start=\"184\" data-end=\"187\" \/>Sj\u00f6mansl\u00e5da med sm\u00f6rg\u00e5sgurka<br data-start=\"215\" data-end=\"218\" \/>Vegetariskt alternativ: Vegetarisk sj\u00f6mansl\u00e5da med sm\u00f6rg\u00e5sgurka<\/p>\n<p data-start=\"275\" data-end=\"408\"><strong data-start=\"275\" data-end=\"285\">Onsdag<\/strong><br data-start=\"285\" data-end=\"288\" \/>Bj\u00f6rkebyfisk med potatismos och kall dills\u00e5s<br data-start=\"333\" data-end=\"336\" \/>Vegetariskt alternativ: Bj\u00f6rkebyquorn med potatismos och kall dills\u00e5s<\/p>\n<p data-start=\"410\" data-end=\"515\"><strong data-start=\"410\" data-end=\"421\">Torsdag<\/strong><br data-start=\"421\" data-end=\"424\" \/>Falafel med tzatziki och rostad potatis, alternativt tomat- och ostgratinerade enchiladas<\/p>\n<p data-start=\"517\" data-end=\"686\" data-is-last-node=\"\" data-is-only-node=\"\"><strong data-start=\"517\" data-end=\"527\">Fredag<\/strong><br data-start=\"527\" data-end=\"530\" \/>Wok med kebabk\u00f6tt och \u00e4ggnudlar med chilimajonn\u00e4s och sweet chili<br data-start=\"595\" data-end=\"598\" \/>Vegetariskt alternativ: Wok med bondb\u00f6nor och \u00e4ggnudlar med sojamajonn\u00e4s och sweet chili<\/p>\n<hr \/>\n<p style=\"text-align: left;\"><em>Med reservation f\u00f6r \u00e4ndringar.<\/em><\/p>\n","protected":false},"excerpt":{"rendered":"<p>Bland annat kommer vi servera dessa r\u00e4tter under vecka 16 (Vi serverar vegetariska alternativ dagligen.) M\u00e5ndagKyckling i gul currys\u00e5s med risVegetariskt alternativ: B\u00f6nor och rostad zucchini i gul currys\u00e5s med ris TisdagSj\u00f6mansl\u00e5da med sm\u00f6rg\u00e5sgurkaVegetariskt alternativ: Vegetarisk sj\u00f6mansl\u00e5da med sm\u00f6rg\u00e5sgurka OnsdagBj\u00f6rkebyfisk med potatismos och kall dills\u00e5sVegetariskt alternativ: Bj\u00f6rkebyquorn med potatismos och kall dills\u00e5s TorsdagFalafel med tzatziki [&hellip;]<\/p>\n","protected":false},"author":2,"featured_media":0,"parent":0,"menu_order":8,"comment_status":"closed","ping_status":"closed","template":"","meta":{"footnotes":""},"class_list":["post-577","page","type-page","status-publish","hentry"],"blocksy_meta":[],"rttpg_featured_image_url":null,"rttpg_author":{"display_name":"camilla","author_link":"https:\/\/www.europaskolan.se\/strangnas\/author\/camilla\/"},"rttpg_comment":0,"rttpg_category":null,"rttpg_excerpt":"Bland annat kommer vi servera dessa r\u00e4tter under vecka 16 (Vi serverar vegetariska alternativ dagligen.) M\u00e5ndagKyckling i gul currys\u00e5s med risVegetariskt alternativ: B\u00f6nor och rostad zucchini i gul currys\u00e5s med ris TisdagSj\u00f6mansl\u00e5da med sm\u00f6rg\u00e5sgurkaVegetariskt alternativ: Vegetarisk sj\u00f6mansl\u00e5da med sm\u00f6rg\u00e5sgurka OnsdagBj\u00f6rkebyfisk med potatismos och kall dills\u00e5sVegetariskt alternativ: Bj\u00f6rkebyquorn med potatismos och kall dills\u00e5s TorsdagFalafel med tzatziki&hellip;","_links":{"self":[{"href":"https:\/\/www.europaskolan.se\/strangnas\/wp-json\/wp\/v2\/pages\/577","targetHints":{"allow":["GET"]}}],"collection":[{"href":"https:\/\/www.europaskolan.se\/strangnas\/wp-json\/wp\/v2\/pages"}],"about":[{"href":"https:\/\/www.europaskolan.se\/strangnas\/wp-json\/wp\/v2\/types\/page"}],"author":[{"embeddable":true,"href":"https:\/\/www.europaskolan.se\/strangnas\/wp-json\/wp\/v2\/users\/2"}],"replies":[{"embeddable":true,"href":"https:\/\/www.europaskolan.se\/strangnas\/wp-json\/wp\/v2\/comments?post=577"}],"version-history":[{"count":0,"href":"https:\/\/www.europaskolan.se\/strangnas\/wp-json\/wp\/v2\/pages\/577\/revisions"}],"wp:attachment":[{"href":"https:\/\/www.europaskolan.se\/strangnas\/wp-json\/wp\/v2\/media?parent=577"}],"curies":[{"name":"wp","href":"https:\/\/api.w.org\/{rel}","templated":true}]}}