{"id":4818,"date":"2014-02-15T18:06:37","date_gmt":"2014-02-15T17:06:37","guid":{"rendered":"https:\/\/www.europaskolan.se\/?page_id=4818"},"modified":"2024-12-09T11:01:01","modified_gmt":"2024-12-09T10:01:01","slug":"mediateket-skolbiblioteket","status":"publish","type":"page","link":"https:\/\/www.europaskolan.se\/strangnas\/mediateket-skolbiblioteket\/","title":{"rendered":"Mediateket \u2013 skolbiblioteket"},"content":{"rendered":"<p><img fetchpriority=\"high\" decoding=\"async\" class=\"alignnone size-full wp-image-4826\" src=\"https:\/\/www.europaskolan.se\/strangnas\/wp-content\/uploads\/2014\/02\/mediateket.jpg\" alt=\"\" width=\"940\" height=\"400\" \/><\/p>\n<p><i>Skolans bibliotek och studierum kallas Mediateket. Det ligger i en historisk byggnad: Sveriges \u00e4ldsta gymnastikhus, fr\u00e5n 1854. H\u00e4r kan du plugga, hitta litteratur och koppla upp dig p\u00e5 n\u00e4tet.\u00a0<\/i><\/p>\n<p><b>Mediateket erbjuder b\u00e5de studiero och litteratur<\/b>,<b>\u00a0<\/b>som skolans eget bibliotek.<br \/>\n<b><br \/>\nEuropaskolan Str\u00e4ngn\u00e4s har sammanlagt cirka 4\u00a0000 b\u00f6cker<\/b>\u00a0och tillg\u00e5ngen \u00f6kar varje \u00e5r. Du hittar ocks\u00e5 ett stort utbud av tidskrifter, b\u00e5de inom popul\u00e4rvetenskap och vetenskap.<\/p>\n<p><b>Referensbibliotek finns \u00e4ven i varje gymnasie\u00adprograms eget hus<\/b>\u00a0(institution).\u00a0<a href=\"https:\/\/www.europaskolan.se\/strangnas\/europaskolan-strangnas\/hitta-pa-skolan\/\">L\u00e4s mer om skolans stadscampus h\u00e4r. &gt;<\/a><\/p>\n<p><b>Skolan ordnar \u00e4ven bokcirklar<\/b>, d\u00e4r vi analyser och diskuterar de b\u00f6cker vi l\u00e4st.\u00a0En kombination av nytta och n\u00f6je, som utvecklar dig som m\u00e4nniska.<\/p>\n<p><b>Hittar du inte den bok du s\u00f6ker? Pr\u00f6va p\u00e5 Str\u00e4ngn\u00e4s kommuns bibliotek.<\/b>\u00a0Det du beh\u00f6ver \u00e4r ett l\u00e5nekort med en personlig kod.<\/p>\n<p><img decoding=\"async\" class=\"alignnone wp-image-4819\" src=\"https:\/\/www.europaskolan.se\/strangnas\/wp-content\/uploads\/2014\/02\/mlteum.jpg\" alt=\"mlteum\" width=\"564\" height=\"240\" \/><\/p>\n<p><b><a href=\"http:\/\/bookitpub.strangnas.se\/web\/pub\">S\u00f6k p\u00e5 Str\u00e4ngn\u00e4s bibliotek\u00a0<\/a><\/b><a href=\"http:\/\/bookitpub.strangnas.se\/web\/pub\">&gt;<\/a><\/p>\n","protected":false},"excerpt":{"rendered":"<p>Skolans bibliotek och studierum kallas Mediateket. Det ligger i en historisk byggnad: Sveriges \u00e4ldsta gymnastikhus, fr\u00e5n 1854. H\u00e4r kan du plugga, hitta litteratur och koppla upp dig p\u00e5 n\u00e4tet.\u00a0 Mediateket erbjuder b\u00e5de studiero och litteratur,\u00a0som skolans eget bibliotek. Europaskolan Str\u00e4ngn\u00e4s har sammanlagt cirka 4\u00a0000 b\u00f6cker\u00a0och tillg\u00e5ngen \u00f6kar varje \u00e5r. Du hittar ocks\u00e5 ett stort utbud [&hellip;]<\/p>\n","protected":false},"author":2,"featured_media":0,"parent":0,"menu_order":0,"comment_status":"closed","ping_status":"closed","template":"","meta":{"footnotes":""},"class_list":["post-4818","page","type-page","status-publish","hentry"],"blocksy_meta":[],"rttpg_featured_image_url":null,"rttpg_author":{"display_name":"camilla","author_link":"https:\/\/www.europaskolan.se\/strangnas\/author\/camilla\/"},"rttpg_comment":0,"rttpg_category":null,"rttpg_excerpt":"Skolans bibliotek och studierum kallas Mediateket. Det ligger i en historisk byggnad: Sveriges \u00e4ldsta gymnastikhus, fr\u00e5n 1854. H\u00e4r kan du plugga, hitta litteratur och koppla upp dig p\u00e5 n\u00e4tet.\u00a0 Mediateket erbjuder b\u00e5de studiero och litteratur,\u00a0som skolans eget bibliotek. Europaskolan Str\u00e4ngn\u00e4s har sammanlagt cirka 4\u00a0000 b\u00f6cker\u00a0och tillg\u00e5ngen \u00f6kar varje \u00e5r. Du hittar ocks\u00e5 ett stort utbud&hellip;","_links":{"self":[{"href":"https:\/\/www.europaskolan.se\/strangnas\/wp-json\/wp\/v2\/pages\/4818","targetHints":{"allow":["GET"]}}],"collection":[{"href":"https:\/\/www.europaskolan.se\/strangnas\/wp-json\/wp\/v2\/pages"}],"about":[{"href":"https:\/\/www.europaskolan.se\/strangnas\/wp-json\/wp\/v2\/types\/page"}],"author":[{"embeddable":true,"href":"https:\/\/www.europaskolan.se\/strangnas\/wp-json\/wp\/v2\/users\/2"}],"replies":[{"embeddable":true,"href":"https:\/\/www.europaskolan.se\/strangnas\/wp-json\/wp\/v2\/comments?post=4818"}],"version-history":[{"count":0,"href":"https:\/\/www.europaskolan.se\/strangnas\/wp-json\/wp\/v2\/pages\/4818\/revisions"}],"wp:attachment":[{"href":"https:\/\/www.europaskolan.se\/strangnas\/wp-json\/wp\/v2\/media?parent=4818"}],"curies":[{"name":"wp","href":"https:\/\/api.w.org\/{rel}","templated":true}]}}