{"id":162,"date":"2013-02-18T18:05:51","date_gmt":"2013-02-18T17:05:51","guid":{"rendered":"https:\/\/www.europaskolan.se\/wordpress\/?page_id=162"},"modified":"2024-11-15T12:21:10","modified_gmt":"2024-11-15T11:21:10","slug":"naturvetenskapsprogrammet","status":"publish","type":"page","link":"https:\/\/www.europaskolan.se\/strangnas\/gymnasieprogram\/naturvetenskapsprogrammet\/","title":{"rendered":"Naturvetenskapsprogrammet"},"content":{"rendered":"<p><img fetchpriority=\"high\" decoding=\"async\" class=\"alignnone size-full wp-image-15878\" src=\"https:\/\/www.europaskolan.se\/strangnas\/wp-content\/uploads\/sites\/2\/2024\/11\/Science-programmet-2024-1.jpg\" alt=\"\" width=\"960\" height=\"300\" srcset=\"https:\/\/www.europaskolan.se\/strangnas\/wp-content\/uploads\/sites\/2\/2024\/11\/Science-programmet-2024-1.jpg 960w, https:\/\/www.europaskolan.se\/strangnas\/wp-content\/uploads\/sites\/2\/2024\/11\/Science-programmet-2024-1-680x213.jpg 680w, https:\/\/www.europaskolan.se\/strangnas\/wp-content\/uploads\/sites\/2\/2024\/11\/Science-programmet-2024-1-200x63.jpg 200w, https:\/\/www.europaskolan.se\/strangnas\/wp-content\/uploads\/sites\/2\/2024\/11\/Science-programmet-2024-1-768x240.jpg 768w\" sizes=\"(max-width: 960px) 100vw, 960px\" \/><\/p>\n<h3>Naturvetenskapsprogrammet, inriktning naturvetenskap<\/h3>\n<p><em>\u00c4r du intresserad av fysik, kemi, biologi och matematik? Vill du g\u00f6ra experiment, laborationer och f\u00e4ltstudier? D\u00e5 \u00e4r det h\u00e4r ett program som passar dig. Naturvetenskapsprogrammet<\/em> <em>p\u00e5 Europaskolan Str\u00e4ngn\u00e4s \u00e4r b\u00e5de praktiskt och teoretiskt. <\/em><\/p>\n<p><strong>Du kommer under dina tre \u00e5r att utveckla ett naturvetenskapligt f\u00f6rh\u00e5llningss\u00e4tt<\/strong> d\u00e4r du l\u00e4r dig att t\u00e4nka kritiskt, l\u00f6sa problem, vara kreativ och g\u00f6ra systematiska iakttagelser. Du kan v\u00e4lja att f\u00f6rdjupa dig inom exempelvis bioteknik och naturvetenskapliga specialiserings\u00e4mnen samt programmering.<\/p>\n<p><strong>Programmet ger dig en bredd<\/strong> som g\u00f6r att du blir beh\u00f6rig att l\u00e4sa alla utbildningar p\u00e5 universitet och h\u00f6gskola. Det \u00e4r bredare \u00e4n Scienceprogrammet men med r\u00e4tt ambition kan ocks\u00e5 Naturvetenskapsprogrammet leda fram till en karri\u00e4r som forskare.<\/p>\n<h3>Vad kan du bli?<\/h3>\n<p>Efter Naturvetenskapsprogrammet kan du bland annat vidareutbilda dig till dessa yrken:<\/p>\n<ul>\n<li>Forskare<\/li>\n<li>Fysiker<\/li>\n<li>Matematiker<\/li>\n<li>Civilingenj\u00f6r<\/li>\n<li>Datalog<\/li>\n<li>Programmerare<\/li>\n<li>Statistiker<\/li>\n<li>Kemist<\/li>\n<li>Biolog<\/li>\n<li>Biomedicinsk analytiker<\/li>\n<li>L\u00e4kare<\/li>\n<li>Veterin\u00e4r<\/li>\n<li>Tandl\u00e4kare<\/li>\n<li>Apotekare<\/li>\n<li>Optiker<\/li>\n<li>Landskapsarkitekt<\/li>\n<li>Jurist<\/li>\n<li>\u00c4mnesl\u00e4rare grundskola\/gymnasium<\/li>\n<\/ul>\n<p><em>H\u00e4r kan du ladda ner po\u00e4ngplanen f\u00f6r Naturvetenskapsprogrammet som pdf.\u00a0<\/em><\/p>\n<p><strong>Po\u00e4ngplan:<\/strong> <a href=\"https:\/\/www.europaskolan.se\/strangnas\/wp-content\/uploads\/sites\/2\/2024\/10\/Poangplaner-NANAP.pdf\">Naturvetenskapsprogrammet &gt;<\/a><\/p>\n","protected":false},"excerpt":{"rendered":"<p>Vill du ha en framtid som v\u00e4lutbildad naturvetare? Kanske bli forskare?<\/p>\n","protected":false},"author":2,"featured_media":15878,"parent":153,"menu_order":4,"comment_status":"closed","ping_status":"closed","template":"","meta":{"footnotes":""},"class_list":["post-162","page","type-page","status-publish","has-post-thumbnail","hentry"],"blocksy_meta":[],"rttpg_featured_image_url":{"full":["https:\/\/www.europaskolan.se\/strangnas\/wp-content\/uploads\/sites\/2\/2024\/11\/Science-programmet-2024-1.jpg",960,300,false],"landscape":["https:\/\/www.europaskolan.se\/strangnas\/wp-content\/uploads\/sites\/2\/2024\/11\/Science-programmet-2024-1.jpg",960,300,false],"portraits":["https:\/\/www.europaskolan.se\/strangnas\/wp-content\/uploads\/sites\/2\/2024\/11\/Science-programmet-2024-1.jpg",960,300,false],"thumbnail":["https:\/\/www.europaskolan.se\/strangnas\/wp-content\/uploads\/sites\/2\/2024\/11\/Science-programmet-2024-1-200x63.jpg",200,63,true],"medium":["https:\/\/www.europaskolan.se\/strangnas\/wp-content\/uploads\/sites\/2\/2024\/11\/Science-programmet-2024-1-680x213.jpg",680,213,true],"large":["https:\/\/www.europaskolan.se\/strangnas\/wp-content\/uploads\/sites\/2\/2024\/11\/Science-programmet-2024-1.jpg",960,300,false],"1536x1536":["https:\/\/www.europaskolan.se\/strangnas\/wp-content\/uploads\/sites\/2\/2024\/11\/Science-programmet-2024-1.jpg",960,300,false],"2048x2048":["https:\/\/www.europaskolan.se\/strangnas\/wp-content\/uploads\/sites\/2\/2024\/11\/Science-programmet-2024-1.jpg",960,300,false],"sow-carousel-default":["https:\/\/www.europaskolan.se\/strangnas\/wp-content\/uploads\/sites\/2\/2024\/11\/Science-programmet-2024-1-272x182.jpg",272,182,true]},"rttpg_author":{"display_name":"camilla","author_link":"https:\/\/www.europaskolan.se\/strangnas\/author\/camilla\/"},"rttpg_comment":0,"rttpg_category":null,"rttpg_excerpt":"Vill du ha en framtid som v\u00e4lutbildad naturvetare? Kanske bli forskare?","_links":{"self":[{"href":"https:\/\/www.europaskolan.se\/strangnas\/wp-json\/wp\/v2\/pages\/162","targetHints":{"allow":["GET"]}}],"collection":[{"href":"https:\/\/www.europaskolan.se\/strangnas\/wp-json\/wp\/v2\/pages"}],"about":[{"href":"https:\/\/www.europaskolan.se\/strangnas\/wp-json\/wp\/v2\/types\/page"}],"author":[{"embeddable":true,"href":"https:\/\/www.europaskolan.se\/strangnas\/wp-json\/wp\/v2\/users\/2"}],"replies":[{"embeddable":true,"href":"https:\/\/www.europaskolan.se\/strangnas\/wp-json\/wp\/v2\/comments?post=162"}],"version-history":[{"count":0,"href":"https:\/\/www.europaskolan.se\/strangnas\/wp-json\/wp\/v2\/pages\/162\/revisions"}],"up":[{"embeddable":true,"href":"https:\/\/www.europaskolan.se\/strangnas\/wp-json\/wp\/v2\/pages\/153"}],"wp:featuredmedia":[{"embeddable":true,"href":"https:\/\/www.europaskolan.se\/strangnas\/wp-json\/wp\/v2\/media\/15878"}],"wp:attachment":[{"href":"https:\/\/www.europaskolan.se\/strangnas\/wp-json\/wp\/v2\/media?parent=162"}],"curies":[{"name":"wp","href":"https:\/\/api.w.org\/{rel}","templated":true}]}}