{"id":15746,"date":"2024-10-31T11:27:56","date_gmt":"2024-10-31T10:27:56","guid":{"rendered":"https:\/\/www.europaskolan.se\/strangnas\/?page_id=15746"},"modified":"2026-03-13T12:44:17","modified_gmt":"2026-03-13T11:44:17","slug":"humanistiska-programmet","status":"publish","type":"page","link":"https:\/\/www.europaskolan.se\/strangnas\/gymnasieprogram\/humanistiska-programmet\/","title":{"rendered":"Humanistiska programmet"},"content":{"rendered":"<h3><img fetchpriority=\"high\" decoding=\"async\" class=\"alignnone size-full wp-image-15888\" src=\"https:\/\/www.europaskolan.se\/strangnas\/wp-content\/uploads\/sites\/2\/2024\/11\/Humanistiska-programmet-2024-1.jpg\" alt=\"\" width=\"960\" height=\"300\" srcset=\"https:\/\/www.europaskolan.se\/strangnas\/wp-content\/uploads\/sites\/2\/2024\/11\/Humanistiska-programmet-2024-1.jpg 960w, https:\/\/www.europaskolan.se\/strangnas\/wp-content\/uploads\/sites\/2\/2024\/11\/Humanistiska-programmet-2024-1-680x213.jpg 680w, https:\/\/www.europaskolan.se\/strangnas\/wp-content\/uploads\/sites\/2\/2024\/11\/Humanistiska-programmet-2024-1-200x63.jpg 200w, https:\/\/www.europaskolan.se\/strangnas\/wp-content\/uploads\/sites\/2\/2024\/11\/Humanistiska-programmet-2024-1-768x240.jpg 768w\" sizes=\"(max-width: 960px) 100vw, 960px\" \/><\/h3>\n<h3>Humanistiska programmet \u2013 inriktning spr\u00e5k<\/h3>\n<p><em>\u201dCogito, ergo sum.\u201d (Jag t\u00e4nker, allts\u00e5 finns jag). Med kunskaper i latin l\u00e4r du dig f\u00f6rst\u00e5 b\u00e5de k\u00e4nda citat och vetenskapers fackspr\u00e5k. Humanistiska programmet ger dig klassisk humanistisk bildning. Med inriktning spr\u00e5k f\u00e5r du f\u00f6rdjupade kunskaper i latin, moderna spr\u00e5k och engelska. Dessutom f\u00e5r du l\u00e4ra dig hur m\u00e4nniskans spr\u00e5k har utvecklats, samtidigt som din egen spr\u00e5kliga s\u00e4kerhet blir st\u00f6rre.<\/em><\/p>\n<p><strong>H\u00e4r f\u00e5r du studera antika m\u00e4sterverk och diskutera filosofiska fr\u00e5gor.<\/strong> Du l\u00e4r dig ocks\u00e5 att se p\u00e5 m\u00e4nniskan ur b\u00e5de ett kulturellt och spr\u00e5kligt perspektiv. Genom hela utbildningen ser vi till det internationella sammanhanget, med fokus p\u00e5 Europa. Efter studenten kan du med detta program som grund studera vidare med fokus p\u00e5 kvalificerade yrken.<\/p>\n<p><strong>Humanistiska programmet g\u00f6r dig ocks\u00e5 v\u00e4l f\u00f6rberedd f\u00f6r h\u00f6gskolestudier<\/strong>\u00a0\u2013 precis som\u00a0\u00f6vriga program p\u00e5 Europaskolan Str\u00e4ngn\u00e4s.<\/p>\n<h3>Vad kan du bli?<\/h3>\n<p><strong>Efter Humanistiska programmet<\/strong> kan du\u00a0bland annat vidareutbilda dig till dessa yrken:<\/p>\n<ul>\n<li>Arkitekt<\/li>\n<li>Ekonom<\/li>\n<li>Journalist<\/li>\n<li>Jurist<\/li>\n<li>L\u00e4rare (\u00e4mnesl\u00e4rare p\u00e5 grundskola\/gymnasium)<\/li>\n<li>M\u00e4klare<\/li>\n<li>Polis<\/li>\n<li>Psykolog<\/li>\n<li>Spr\u00e5kvetare<\/li>\n<li>Statsvetare<\/li>\n<li>Tolk<\/li>\n<li>\u00d6vers\u00e4ttare<\/li>\n<\/ul>\n<p><strong>H\u00e4r kan du ladda ner po\u00e4ngplan f\u00f6r Humanistiskaprogrammet som pdf:er.<\/strong><\/p>\n<p><strong>Po\u00e4ngplan:<\/strong> <a href=\"https:\/\/www.europaskolan.se\/strangnas\/wp-content\/uploads\/sites\/2\/2024\/10\/Poangplaner-HUSPK.pdf\">Humanistiska programmet \u2013 inriktning spr\u00e5k &gt;<\/a><u><br \/>\n<\/u><\/p>\n","protected":false},"excerpt":{"rendered":"<p>Humanistiska programmet \u2013 inriktning spr\u00e5k \u201dCogito, ergo sum.\u201d (Jag t\u00e4nker, allts\u00e5 finns jag). Med kunskaper i latin l\u00e4r du dig f\u00f6rst\u00e5 b\u00e5de k\u00e4nda citat och vetenskapers fackspr\u00e5k. Humanistiska programmet ger dig klassisk humanistisk bildning. Med inriktning spr\u00e5k f\u00e5r du f\u00f6rdjupade kunskaper i latin, moderna spr\u00e5k och engelska. Dessutom f\u00e5r du l\u00e4ra dig hur m\u00e4nniskans spr\u00e5k [&hellip;]<\/p>\n","protected":false},"author":2,"featured_media":0,"parent":153,"menu_order":0,"comment_status":"closed","ping_status":"closed","template":"","meta":{"footnotes":""},"class_list":["post-15746","page","type-page","status-publish","hentry"],"blocksy_meta":[],"rttpg_featured_image_url":null,"rttpg_author":{"display_name":"camilla","author_link":"https:\/\/www.europaskolan.se\/strangnas\/author\/camilla\/"},"rttpg_comment":0,"rttpg_category":null,"rttpg_excerpt":"Humanistiska programmet \u2013 inriktning spr\u00e5k \u201dCogito, ergo sum.\u201d (Jag t\u00e4nker, allts\u00e5 finns jag). Med kunskaper i latin l\u00e4r du dig f\u00f6rst\u00e5 b\u00e5de k\u00e4nda citat och vetenskapers fackspr\u00e5k. Humanistiska programmet ger dig klassisk humanistisk bildning. Med inriktning spr\u00e5k f\u00e5r du f\u00f6rdjupade kunskaper i latin, moderna spr\u00e5k och engelska. Dessutom f\u00e5r du l\u00e4ra dig hur m\u00e4nniskans spr\u00e5k&hellip;","_links":{"self":[{"href":"https:\/\/www.europaskolan.se\/strangnas\/wp-json\/wp\/v2\/pages\/15746","targetHints":{"allow":["GET"]}}],"collection":[{"href":"https:\/\/www.europaskolan.se\/strangnas\/wp-json\/wp\/v2\/pages"}],"about":[{"href":"https:\/\/www.europaskolan.se\/strangnas\/wp-json\/wp\/v2\/types\/page"}],"author":[{"embeddable":true,"href":"https:\/\/www.europaskolan.se\/strangnas\/wp-json\/wp\/v2\/users\/2"}],"replies":[{"embeddable":true,"href":"https:\/\/www.europaskolan.se\/strangnas\/wp-json\/wp\/v2\/comments?post=15746"}],"version-history":[{"count":0,"href":"https:\/\/www.europaskolan.se\/strangnas\/wp-json\/wp\/v2\/pages\/15746\/revisions"}],"up":[{"embeddable":true,"href":"https:\/\/www.europaskolan.se\/strangnas\/wp-json\/wp\/v2\/pages\/153"}],"wp:attachment":[{"href":"https:\/\/www.europaskolan.se\/strangnas\/wp-json\/wp\/v2\/media?parent=15746"}],"curies":[{"name":"wp","href":"https:\/\/api.w.org\/{rel}","templated":true}]}}