{"id":1536,"date":"2013-04-04T10:48:05","date_gmt":"2013-04-04T08:48:05","guid":{"rendered":"https:\/\/www.europaskolan.se\/wordpress\/?page_id=1536"},"modified":"2024-10-31T11:46:15","modified_gmt":"2024-10-31T10:46:15","slug":"gymnasiets-programstruktur","status":"publish","type":"page","link":"https:\/\/www.europaskolan.se\/strangnas\/gymnasieprogram\/gymnasiets-programstruktur\/","title":{"rendered":"Gymnasiets programstruktur"},"content":{"rendered":"<p><em>Ett fullst\u00e4ndigt gymnasieprogram omfattar 2 500 po\u00e4ng. Dessa 2 500 po\u00e4ng \u00e4r under gymnasieutbildningens tre \u00e5r f\u00f6rdelade enligt f\u00f6ljande:<\/em><\/p>\n<p><strong>Gymnasiegemensamma \u00e4mnen (1 150\u20131 250 <b>po\u00e4ng<\/b>)<\/strong><br \/>\nDet finns nio \u00e4mnen som \u00e4r gemensamma f\u00f6r alla program i gymnasieskolan: engelska, historia, idrott och h\u00e4lsa, matematik, naturkunskap, religionskunskap, samh\u00e4llskunskap samt svenska eller svenska som andraspr\u00e5k. P\u00e5 naturvetenskapsprogrammet ers\u00e4tts \u00e4mnet naturkunskap med karakt\u00e4rs\u00e4mnena biologi, fysik och kemi. \u00c4mnena kan dock variera i omfattning mellan olika program, i historia, samh\u00e4llskunskap, naturkunskap och matematik finns ocks\u00e5 olika kurser f\u00f6r olika program.<\/p>\n<p><b>Programgemensamma \u00e4mnen (300\u2013450 po\u00e4ng)<\/b><br \/>\nF\u00f6r varje program i gymnasieskolan finns \u00e4mnen som \u00e4r gemensamma f\u00f6r programmet och allts\u00e5 ska l\u00e4sas av alla elever p\u00e5 programmet. Dessa \u00e4mnen ger programmet dess karakt\u00e4r. De tar upp det kunskapsinneh\u00e5ll som alla elever p\u00e5 programmet ska till\u00e4gna sig och ger en grund f\u00f6r fortsatta studier inom programmet.<\/p>\n<p><b>Inriktningar (200\u2013450 po\u00e4ng)<\/b><br \/>\nDe nationella inriktningarna ger en grund f\u00f6r fortsatt f\u00f6rdjupning, specialisering och breddning inom programmets ram. Inriktningarna b\u00f6rjar i \u00e5rskurs 2 eller 3.<\/p>\n<p><b>Programf\u00f6rdjupning (200\u2013400 po\u00e4ng)<\/b><br \/>\nProgramf\u00f6rdjupningen inneh\u00e5ller \u00e4mnen och kurser som ligger inom ramen f\u00f6r programmets karakt\u00e4r, och som kompletterar och f\u00f6rdjupar de programgemensamma \u00e4mnena. Den ska ge utrymme f\u00f6r specialisering inom programmets karakt\u00e4r.<\/p>\n<p><b>Gymnasiearbete (100 po\u00e4ng)<\/b><br \/>\nP\u00e5 alla program ska eleven genomf\u00f6ra ett gymnasiearbete om 100 po\u00e4ng. I gymnasiearbetet ska eleven visa sina kunskaper utifr\u00e5n det han eller hon har l\u00e4rt sig tidigare i utbildningen. Gymnasiearbetet genomf\u00f6rs i slutet av utbildningen.<\/p>\n<p><b>Individuellt val (200 po\u00e4ng)<\/b><br \/>\nDet individuella valet omfattar 200 po\u00e4ng p\u00e5 samtliga program. P\u00e5 de olika programmens po\u00e4ngplaner framg\u00e5r vilka \u00e4mnen skolan erbjuder som individuellt val. P\u00e5 samtliga program finns dock m\u00f6jlighet att l\u00e4sa niv\u00e5 i \u00e4mnet idrott och h\u00e4lsa och niv\u00e5 i estetiska \u00e4mnen.<\/p>\n<p><b>Ut\u00f6kat program<\/b><br \/>\nEn elev kan under sin tid p\u00e5 gymnasiet ans\u00f6ka om att f\u00e5 l\u00e4sa ut\u00f6kat program; eleven l\u00e4ser d\u00e5 mer \u00e4n 2 500 po\u00e4ng. Ut\u00f6kning av programmet godk\u00e4nns endast om eleven har f\u00f6ruts\u00e4ttningar att klara av de extra studierna samtidigt som eleven utan sv\u00e5righeter bed\u00f6ms klara av sina ordinarie 2 500 po\u00e4ng.<\/p>\n","protected":false},"excerpt":{"rendered":"<p>Ett fullst\u00e4ndigt gymnasieprogram omfattar 2 500 po\u00e4ng. Dessa 2 500 po\u00e4ng \u00e4r under gymnasieutbildningens tre \u00e5r f\u00f6rdelade enligt f\u00f6ljande: Gymnasiegemensamma \u00e4mnen (1 150\u20131 250 po\u00e4ng) Det finns nio \u00e4mnen som \u00e4r gemensamma f\u00f6r alla program i gymnasieskolan: engelska, historia, idrott och h\u00e4lsa, matematik, naturkunskap, religionskunskap, samh\u00e4llskunskap samt svenska eller svenska som andraspr\u00e5k. P\u00e5 naturvetenskapsprogrammet ers\u00e4tts [&hellip;]<\/p>\n","protected":false},"author":2,"featured_media":0,"parent":153,"menu_order":6,"comment_status":"closed","ping_status":"closed","template":"","meta":{"footnotes":""},"class_list":["post-1536","page","type-page","status-publish","hentry"],"blocksy_meta":[],"rttpg_featured_image_url":null,"rttpg_author":{"display_name":"camilla","author_link":"https:\/\/www.europaskolan.se\/strangnas\/author\/camilla\/"},"rttpg_comment":0,"rttpg_category":null,"rttpg_excerpt":"Ett fullst\u00e4ndigt gymnasieprogram omfattar 2 500 po\u00e4ng. Dessa 2 500 po\u00e4ng \u00e4r under gymnasieutbildningens tre \u00e5r f\u00f6rdelade enligt f\u00f6ljande: Gymnasiegemensamma \u00e4mnen (1 150\u20131 250 po\u00e4ng) Det finns nio \u00e4mnen som \u00e4r gemensamma f\u00f6r alla program i gymnasieskolan: engelska, historia, idrott och h\u00e4lsa, matematik, naturkunskap, religionskunskap, samh\u00e4llskunskap samt svenska eller svenska som andraspr\u00e5k. P\u00e5 naturvetenskapsprogrammet ers\u00e4tts&hellip;","_links":{"self":[{"href":"https:\/\/www.europaskolan.se\/strangnas\/wp-json\/wp\/v2\/pages\/1536","targetHints":{"allow":["GET"]}}],"collection":[{"href":"https:\/\/www.europaskolan.se\/strangnas\/wp-json\/wp\/v2\/pages"}],"about":[{"href":"https:\/\/www.europaskolan.se\/strangnas\/wp-json\/wp\/v2\/types\/page"}],"author":[{"embeddable":true,"href":"https:\/\/www.europaskolan.se\/strangnas\/wp-json\/wp\/v2\/users\/2"}],"replies":[{"embeddable":true,"href":"https:\/\/www.europaskolan.se\/strangnas\/wp-json\/wp\/v2\/comments?post=1536"}],"version-history":[{"count":0,"href":"https:\/\/www.europaskolan.se\/strangnas\/wp-json\/wp\/v2\/pages\/1536\/revisions"}],"up":[{"embeddable":true,"href":"https:\/\/www.europaskolan.se\/strangnas\/wp-json\/wp\/v2\/pages\/153"}],"wp:attachment":[{"href":"https:\/\/www.europaskolan.se\/strangnas\/wp-json\/wp\/v2\/media?parent=1536"}],"curies":[{"name":"wp","href":"https:\/\/api.w.org\/{rel}","templated":true}]}}