{"id":149,"date":"2013-02-18T18:01:42","date_gmt":"2013-02-18T17:01:42","guid":{"rendered":"https:\/\/www.europaskolan.se\/wordpress\/?page_id=149"},"modified":"2026-01-17T11:51:40","modified_gmt":"2026-01-17T10:51:40","slug":"terminstider-och-blanketter","status":"publish","type":"page","link":"https:\/\/www.europaskolan.se\/strangnas\/terminstider-och-blanketter\/","title":{"rendered":"L\u00e4s\u00e5rstider f\u00f6r Europaskolan Str\u00e4ngn\u00e4s"},"content":{"rendered":"<h3>V\u00e5rterminen 2026<br \/>\n<span style=\"font-size: 16px;\">8 januari \u2013 12 juni<\/span><\/h3>\n<p><strong>Terminsstart<\/strong><br \/>\nTorsdag den 8 januari<\/p>\n<p><strong>Lovdagar<\/strong><br \/>\nSportlov: 16\u201320 februari (vecka 8)<br \/>\nFredag den 3 april (vecka 14)<br \/>\nP\u00e5sklov: 6\u201310 april (vecka 15)<br \/>\nFredag den 1 maj (vecka 18)<br \/>\nTorsdag\u2013fredag 14\u201315 maj (vecka 20)<\/p>\n<p><strong>Bildnings- och temadagar<\/strong><br \/>\nTemadagar: 16\u201317 mars (vecka 12)<br \/>\nFriluftsdag: 25 maj (vecka 22)<\/p>\n<p><strong>Bildningsresor\/lov*<\/strong><br \/>\nVecka 13: 23\u201327 mars<br \/>\nVecka 23: 6 juni<\/p>\n<p><strong>Studentdag<\/strong><br \/>\nOnsdagen den 10 juni, utspring kl. 15.00<\/p>\n<p><strong>Skolavslutning<\/strong><br \/>\nFredag den 12 juni<\/p>\n<p>* Lov f\u00f6r de elever som inte deltar i bildningsresorna.<\/p>\n<hr \/>\n<p><strong>G\u00e4llande \u00e4ndring av kurs, studieuppeh\u00e5ll<\/strong> med mera, kontakta skolreceptionen.<\/p>\n<p><b>Ledighetsans\u00f6kan<\/b> <strong>g\u00f6rs via den administrativa plattformen <a href=\"https:\/\/auth.admentum.se\/?next=\/openid\/authorize%3Fclient_id%3D838413%26redirect_uri%3Dhttps%3A\/\/skola.admentum.se\/user_token\/%26response_type%3Dcode%26scope%3Dopenid%2520email%2520profile%2520roles\">Admentum &gt;<\/a><\/strong><\/p>\n<p><strong>Det finns \u00e4ven en l\u00e4nk till <a href=\"https:\/\/www.europaskolan.se\/strangnas\/europaskolan-strangnas\/europaskolan-strangnas\/\">Blanketter<\/a><\/strong> h\u00e4r p\u00e5 webbplatsen, l\u00e4ngst uppe till h\u00f6ger.<\/p>\n","protected":false},"excerpt":{"rendered":"<p>V\u00e5rterminen 2026 8 januari \u2013 12 juni Terminsstart Torsdag den 8 januari Lovdagar Sportlov: 16\u201320 februari (vecka 8) Fredag den 3 april (vecka 14) P\u00e5sklov: 6\u201310 april (vecka 15) Fredag den 1 maj (vecka 18) Torsdag\u2013fredag 14\u201315 maj (vecka 20) Bildnings- och temadagar Temadagar: 16\u201317 mars (vecka 12) Friluftsdag: 25 maj (vecka 22) Bildningsresor\/lov* Vecka [&hellip;]<\/p>\n","protected":false},"author":2,"featured_media":0,"parent":0,"menu_order":9,"comment_status":"closed","ping_status":"closed","template":"","meta":{"footnotes":""},"class_list":["post-149","page","type-page","status-publish","hentry"],"blocksy_meta":[],"rttpg_featured_image_url":null,"rttpg_author":{"display_name":"camilla","author_link":"https:\/\/www.europaskolan.se\/strangnas\/author\/camilla\/"},"rttpg_comment":0,"rttpg_category":null,"rttpg_excerpt":"V\u00e5rterminen 2026 8 januari \u2013 12 juni Terminsstart Torsdag den 8 januari Lovdagar Sportlov: 16\u201320 februari (vecka 8) Fredag den 3 april (vecka 14) P\u00e5sklov: 6\u201310 april (vecka 15) Fredag den 1 maj (vecka 18) Torsdag\u2013fredag 14\u201315 maj (vecka 20) Bildnings- och temadagar Temadagar: 16\u201317 mars (vecka 12) Friluftsdag: 25 maj (vecka 22) Bildningsresor\/lov* Vecka&hellip;","_links":{"self":[{"href":"https:\/\/www.europaskolan.se\/strangnas\/wp-json\/wp\/v2\/pages\/149","targetHints":{"allow":["GET"]}}],"collection":[{"href":"https:\/\/www.europaskolan.se\/strangnas\/wp-json\/wp\/v2\/pages"}],"about":[{"href":"https:\/\/www.europaskolan.se\/strangnas\/wp-json\/wp\/v2\/types\/page"}],"author":[{"embeddable":true,"href":"https:\/\/www.europaskolan.se\/strangnas\/wp-json\/wp\/v2\/users\/2"}],"replies":[{"embeddable":true,"href":"https:\/\/www.europaskolan.se\/strangnas\/wp-json\/wp\/v2\/comments?post=149"}],"version-history":[{"count":0,"href":"https:\/\/www.europaskolan.se\/strangnas\/wp-json\/wp\/v2\/pages\/149\/revisions"}],"wp:attachment":[{"href":"https:\/\/www.europaskolan.se\/strangnas\/wp-json\/wp\/v2\/media?parent=149"}],"curies":[{"name":"wp","href":"https:\/\/api.w.org\/{rel}","templated":true}]}}