{"id":13748,"date":"2023-07-03T11:29:11","date_gmt":"2023-07-03T09:29:11","guid":{"rendered":"https:\/\/www.europaskolan.se\/strangnas\/?page_id=13748"},"modified":"2024-09-27T13:56:07","modified_gmt":"2024-09-27T11:56:07","slug":"visselblasning","status":"publish","type":"page","link":"https:\/\/www.europaskolan.se\/strangnas\/visselblasning\/","title":{"rendered":"Visselbl\u00e5sning"},"content":{"rendered":"<h3>Visselbl\u00e5sarfunktion<\/h3>\n<p><em>Europaskolan har en visselbl\u00e5sarfunktion f\u00f6r att snabbt f\u00e5nga upp missf\u00f6rh\u00e5llanden som kan skada v\u00e5r verksamhet eller v\u00e5ra medarbetare. Vi \u00e4r m\u00e5na om att s\u00e5dana situationer uppm\u00e4rksammas och utreds s\u00e5 tidigt som m\u00f6jligt. I enlighet med lag (2021:890) om skydd f\u00f6r personer som rapporterar om missf\u00f6rh\u00e5llanden har vi inr\u00e4ttat en rapporteringskanal f\u00f6r visselbl\u00e5sar\u00e4renden.<\/em><\/p>\n<hr \/>\n<h3>Syftet med tj\u00e4nsten<\/h3>\n<p>Syftet \u00e4r att erbjuda en s\u00e4ker kanal f\u00f6r anm\u00e4lan av h\u00e4ndelser eller f\u00f6rh\u00e5llanden utan att den som rapporterar beh\u00f6ver vara r\u00e4dd f\u00f6r repressalier. Vi hoppas att detta m\u00f6jligg\u00f6r en snabb \u00e5tg\u00e4rd av missf\u00f6rh\u00e5llanden innan underliggande orsaker v\u00e4xer. Observera att endast personer med direkt anknytning till Europaskolans verksamhet omfattas av skyddet enligt visselbl\u00e5sarlagen.<\/p>\n<hr \/>\n<h3>Detta kan anm\u00e4las<\/h3>\n<p>Lagen g\u00e4ller vid rapportering i ett arbetsrelaterat sammanhang av information om missf\u00f6rh\u00e5llanden som det finns ett allm\u00e4nintresse av att de kommer fram.<\/p>\n<p>Lagen g\u00e4ller \u00e4ven vid rapportering av missf\u00f6rh\u00e5llanden i ett arbetsrelaterat sammanhang som<\/p>\n<ul>\n<li>strider mot en direkt till\u00e4mplig unionsakt inom till\u00e4mpningsomr\u00e5det f\u00f6r Europaparlamentets och r\u00e5dets direktiv (EU) 2019\/1937 av den 23 oktober 2019 om skydd f\u00f6r personer som rapporterar om \u00f6vertr\u00e4delser av unionsr\u00e4tten<\/li>\n<li>strider mot lag eller andra f\u00f6reskrifter som avses i 8 kap. regeringsformen och som genomf\u00f6r eller kompletterar ovan n\u00e4mnda unionsakter<\/li>\n<li>motverkar m\u00e5let eller syftet med best\u00e4mmelserna i en unionsakt inom till\u00e4mpningsomr\u00e5det f\u00f6r samma direktiv<\/li>\n<\/ul>\n<p>Om anm\u00e4lan inte faller inom ramen f\u00f6r ovan och till exempel r\u00f6r den egna arbetsmilj\u00f6n, b\u00f6r detta rapporteras genom ordinarie kanaler, s\u00e5som till n\u00e4rmsta chef.<\/p>\n<hr \/>\n<h3>Dessa kan anm\u00e4la<\/h3>\n<p>F\u00f6ljande personer kan anv\u00e4nda Europaskolans interna rapporteringskanaler:<\/p>\n<ol>\n<li>arbetstagare<\/li>\n<li>personer som g\u00f6r en f\u00f6rfr\u00e5gan om eller s\u00f6ker arbete<\/li>\n<li>personer som s\u00f6ker eller utf\u00f6r volont\u00e4rarbete<\/li>\n<li>personer som s\u00f6ker eller fullg\u00f6r praktik<\/li>\n<li>personer som annars st\u00e5r till f\u00f6rfogande f\u00f6r att utf\u00f6ra eller utf\u00f6r arbete under en verksamhetsut\u00f6vares kontroll och ledning<\/li>\n<li>egenf\u00f6retagare som s\u00f6ker eller utf\u00f6r uppdrag<\/li>\n<li>personer som st\u00e5r till f\u00f6rfogande f\u00f6r att ing\u00e5 eller ing\u00e5r i ett f\u00f6retags f\u00f6rvaltnings-, lednings- eller tillsynsorgan<\/li>\n<li>aktie\u00e4gare som st\u00e5r till f\u00f6rfogande f\u00f6r att vara eller som \u00e4r verksamma i aktiebolaget (Observera att Europaskolan \u00e4r en stiftelse\u00e4gd verksamhet)<\/li>\n<li>personer som har tillh\u00f6rt n\u00e5gon av personkategorierna ovan och har f\u00e5tt del av eller inh\u00e4mtat informationen under tiden i verksamheten.<\/li>\n<\/ol>\n<p><strong>Observera:<\/strong> Eftersom lagen g\u00e4ller vid rapportering i ett arbetsrelaterat sammanhang, omfattas i regel inte elever eller v\u00e5rdnadshavare av visselbl\u00e5sarfunktionen. Om du tillh\u00f6r n\u00e5gon av dessa grupper och vill rapportera ett missf\u00f6rh\u00e5llande, h\u00e4nvisar vi dig i st\u00e4llet till Europaskolans ordinarie kanaler. Mer information om hur du kan l\u00e4mna synpunkter eller klagom\u00e5l finns p\u00e5 v\u00e5r webbsida under Kontakter\/L\u00e4mna f\u00f6rslag, synpunkter eller klagom\u00e5l.<\/p>\n<hr \/>\n<h3>S\u00e5 h\u00e4r anm\u00e4ler du<\/h3>\n<p>Rapportering via intern visselbl\u00e5sarkanal<\/p>\n<p>Vi erbjuder ett rapporteringsverktyg via en extern och oberoende akt\u00f6r. F\u00f6r att s\u00e4kerst\u00e4lla anonymitet:<\/p>\n<ul>\n<li>Skriv av eller kopiera nedanst\u00e5ende l\u00e4nk i din webbl\u00e4sare.<br \/>\n<a href=\"https:\/\/url11.mailanyone.net\/scanner?m=1pZXel-0003Qc-6L&amp;d=4%7Cmail%2F90%2F1678196400%2F1pZXel-0003Qc-6L%7Cin11e%7C57e1b682%7C28193137%7C13647187%7C6407405B2897B9402EBFF834748730DA&amp;o=%2Fphth%3A%2Fwtsolis.blwteamvitdrfsausito%2FEr.enaloksap&amp;s=BbelzJKHXWO4kyHkg705SLcHqGE\">https:\/\/whistleblow.vismadraftit.se\/Europaskolan<\/a><\/li>\n<\/ul>\n<ul>\n<li>Anv\u00e4nd inte en f\u00f6retagsdator eller n\u00e4tverk.<\/li>\n<\/ul>\n<hr \/>\n<h3>Andra s\u00e4tt att \u201dvisselbl\u00e5sa\u201d<\/h3>\n<p>H\u00e4r finns ytterligare kontaktv\u00e4gar f\u00f6r att l\u00e4mna en visselbl\u00e5sning. Observera att vi inte kan garantera anonymitet p\u00e5 samma s\u00e4tt som genom webbformul\u00e4ret om visselbl\u00e5sningen kommer in via \u00f6vriga kontaktv\u00e4gar.<\/p>\n<p><strong>Telefon eller boka ett fysiskt m\u00f6te:<br \/>\n<\/strong>076-767 02 05<\/p>\n<p><strong>Skriftlig rapportering:<\/strong><\/p>\n<p>Europaskolan Str\u00e4ngn\u00e4s<br \/>\n<em>att: Utredningsgrupp f\u00f6r visselbl\u00e5sning<\/em><\/p>\n<p>Storgatan 2<br \/>\n645 30 Str\u00e4ngn\u00e4s<\/p>\n<hr \/>\n<p><strong>Personuppgifter i samband med visselbl\u00e5sning<\/strong><strong><br \/>\n<\/strong>F\u00f6r information om hur personuppgifter hanteras, se v\u00e5r\u00a0<a href=\"https:\/\/www.europaskolan.se\/index.php\/europaskolans-integritetspolicy\/\">integritetspolicy &gt;<\/a><\/p>\n<p><strong>Anonymitet och skydd f\u00f6r dig som rapporterar<br \/>\n<\/strong>Rapporter kan l\u00e4mnas anonymt. V\u00e5r rapporteringskanal garanterar anonymitet, och det \u00e4r inte m\u00f6jligt att identifiera anm\u00e4laren.<\/p>\n<hr \/>\n<p><em>Den som rapporterar enligt visselbl\u00e5sarlagen skyddas fr\u00e5n repressalier och har r\u00e4tt att agera f\u00f6r att inh\u00e4mta information om missf\u00f6rh\u00e5llanden. Europaskolan till\u00e4mpar ett strikt f\u00f6rbud mot repressalier, vilket \u00e4ven g\u00e4ller f\u00f6r dem som st\u00f6djer den rapporterande.<\/em><\/p>\n","protected":false},"excerpt":{"rendered":"<p>Visselbl\u00e5sarfunktion Europaskolan har en visselbl\u00e5sarfunktion f\u00f6r att snabbt f\u00e5nga upp missf\u00f6rh\u00e5llanden som kan skada v\u00e5r verksamhet eller v\u00e5ra medarbetare. Vi \u00e4r m\u00e5na om att s\u00e5dana situationer uppm\u00e4rksammas och utreds s\u00e5 tidigt som m\u00f6jligt. I enlighet med lag (2021:890) om skydd f\u00f6r personer som rapporterar om missf\u00f6rh\u00e5llanden har vi inr\u00e4ttat en rapporteringskanal f\u00f6r visselbl\u00e5sar\u00e4renden. Syftet med [&hellip;]<\/p>\n","protected":false},"author":1,"featured_media":0,"parent":0,"menu_order":0,"comment_status":"closed","ping_status":"closed","template":"","meta":{"footnotes":""},"class_list":["post-13748","page","type-page","status-publish","hentry"],"blocksy_meta":[],"rttpg_featured_image_url":null,"rttpg_author":{"display_name":"admin","author_link":"https:\/\/www.europaskolan.se\/strangnas\/author\/admin\/"},"rttpg_comment":0,"rttpg_category":null,"rttpg_excerpt":"Visselbl\u00e5sarfunktion Europaskolan har en visselbl\u00e5sarfunktion f\u00f6r att snabbt f\u00e5nga upp missf\u00f6rh\u00e5llanden som kan skada v\u00e5r verksamhet eller v\u00e5ra medarbetare. Vi \u00e4r m\u00e5na om att s\u00e5dana situationer uppm\u00e4rksammas och utreds s\u00e5 tidigt som m\u00f6jligt. I enlighet med lag (2021:890) om skydd f\u00f6r personer som rapporterar om missf\u00f6rh\u00e5llanden har vi inr\u00e4ttat en rapporteringskanal f\u00f6r visselbl\u00e5sar\u00e4renden. Syftet med&hellip;","_links":{"self":[{"href":"https:\/\/www.europaskolan.se\/strangnas\/wp-json\/wp\/v2\/pages\/13748","targetHints":{"allow":["GET"]}}],"collection":[{"href":"https:\/\/www.europaskolan.se\/strangnas\/wp-json\/wp\/v2\/pages"}],"about":[{"href":"https:\/\/www.europaskolan.se\/strangnas\/wp-json\/wp\/v2\/types\/page"}],"author":[{"embeddable":true,"href":"https:\/\/www.europaskolan.se\/strangnas\/wp-json\/wp\/v2\/users\/1"}],"replies":[{"embeddable":true,"href":"https:\/\/www.europaskolan.se\/strangnas\/wp-json\/wp\/v2\/comments?post=13748"}],"version-history":[{"count":0,"href":"https:\/\/www.europaskolan.se\/strangnas\/wp-json\/wp\/v2\/pages\/13748\/revisions"}],"wp:attachment":[{"href":"https:\/\/www.europaskolan.se\/strangnas\/wp-json\/wp\/v2\/media?parent=13748"}],"curies":[{"name":"wp","href":"https:\/\/api.w.org\/{rel}","templated":true}]}}