{"id":9291,"date":"2019-11-11T12:57:35","date_gmt":"2019-11-11T11:57:35","guid":{"rendered":"https:\/\/www.europaskolan.se\/rogge\/?page_id=9291"},"modified":"2025-11-05T10:05:01","modified_gmt":"2025-11-05T09:05:01","slug":"arliga-stipendier-for-europaskolan-i-strangnas","status":"publish","type":"page","link":"https:\/\/www.europaskolan.se\/rogge\/arliga-stipendier-for-europaskolan-i-strangnas\/","title":{"rendered":"\u00c5rliga stipendier f\u00f6r Europaskolan i Str\u00e4ngn\u00e4s"},"content":{"rendered":"<p><img fetchpriority=\"high\" decoding=\"async\" class=\"alignnone size-large wp-image-11053\" src=\"https:\/\/www.europaskolan.se\/rogge\/wp-content\/uploads\/sites\/3\/2024\/01\/ESR_Stipendier-1024x570.jpg\" alt=\"\" width=\"1024\" height=\"570\" srcset=\"https:\/\/www.europaskolan.se\/rogge\/wp-content\/uploads\/sites\/3\/2024\/01\/ESR_Stipendier-1024x570.jpg 1024w, https:\/\/www.europaskolan.se\/rogge\/wp-content\/uploads\/sites\/3\/2024\/01\/ESR_Stipendier-539x300.jpg 539w, https:\/\/www.europaskolan.se\/rogge\/wp-content\/uploads\/sites\/3\/2024\/01\/ESR_Stipendier-200x111.jpg 200w, https:\/\/www.europaskolan.se\/rogge\/wp-content\/uploads\/sites\/3\/2024\/01\/ESR_Stipendier-768x427.jpg 768w, https:\/\/www.europaskolan.se\/rogge\/wp-content\/uploads\/sites\/3\/2024\/01\/ESR_Stipendier-1536x854.jpg 1536w, https:\/\/www.europaskolan.se\/rogge\/wp-content\/uploads\/sites\/3\/2024\/01\/ESR_Stipendier.jpg 2048w\" sizes=\"(max-width: 1024px) 100vw, 1024px\" \/><\/p>\n<p><em>Varje \u00e5r delar vi ut stipendier till elever och l\u00e4rare inom Europaskolan som s\u00e4rskilt har utm\u00e4rkt sig under l\u00e4s\u00e5ret. Det g\u00f6r vi bland annat f\u00f6r att fr\u00e4mja kunskap, kreativitet, inspiration och k\u00e4mpagl\u00f6d \u2013 det som v\u00e5r skola st\u00e5r f\u00f6r och vill uppmuntra till.<\/em><\/p>\n<p><strong>H\u00e4r redovisar vi de stipendier som delas ut p\u00e5 Europaskolan<\/strong> <strong>och administreras av Stiftelsen Europaskolan <\/strong>eller stipendiegivarna sj\u00e4lva.\u00a0Ut\u00f6ver dessa tillkommer stipendier direkt fr\u00e5n organisationer och f\u00f6retag.<\/p>\n<hr \/>\n<h3>Stipendier till elever vid grundskolan<br \/>\nEuropaskolan Rogge<\/h3>\n<p><strong>Benninge kamratf\u00f6renings stipendiefond fr\u00e5n 2014<\/strong><\/p>\n<p>\u00c4ndam\u00e5let med stipendiefonden \u00e4r<\/p>\n<ul>\n<li>att st\u00e4rka och utveckla grundl\u00e4ggande hantering av svensk mat (husmanskost)<\/li>\n<li>att uppmuntra till ekologisk produktion av matr\u00e5varor<\/li>\n<li>att fr\u00e4mja textilutbildning.<\/li>\n<\/ul>\n<p>\u00c5rligen utdelas 1 000 kr vardera till tv\u00e5 elever som uppfyller stipendiefondens \u00e4ndam\u00e5l.<\/p>\n<hr \/>\n<h3>Stipendier till elever och l\u00e4rare vid gymnasiet<br \/>\nEuropaskolan Str\u00e4ngn\u00e4s<\/h3>\n<p><strong>Bengt och Aina R\u00e5nbys stipendiefond fr\u00e5n 2003<\/strong><\/p>\n<p>\u00c4ndam\u00e5let med stipendiefonden \u00e4r att \u00e5rligen l\u00e4mna tv\u00e5 stipendier till elever och l\u00e4rare.<\/p>\n<p><em>Stipendium nr 1:<\/em> 3 000 kr ska delas ut till \u201d\u00c5rets b\u00e4sta elev\u201d vilket \u00e4r den elev ur avg\u00e5ngsklasserna som har b\u00e4st sammanlagt betyg. Eleven utses av skolledningen.<\/p>\n<p><em>Stipendium nr 2: <\/em>2\u00a0000 kr, som \u00e4r ett resestipendium, delas ut till \u201d\u00c5rets b\u00e4sta l\u00e4rare\u201d. L\u00e4raren utses av skolledningen och elevk\u00e5ren. Stipendiet utdelas endast en g\u00e5ng till en och samma l\u00e4rare.<\/p>\n<p><strong>\u00c5ke Perssons stipendiefond fr\u00e5n 2005<\/strong><\/p>\n<p>\u00c4ndam\u00e5let med stipendiefonden \u00e4r att \u00e5rligen dela ut 3\u00a0000 kr till den elev\/de elever i \u00e5rskurs 2 som visat gott entrepren\u00f6rskap och\/eller starkt bidragit till skolans utveckling. Stipendietagarna utses av skolledningen.<\/p>\n<p><strong>Kerstin och Lars G\u00f6thlins stipendiefond fr\u00e5n 2018<br \/>\n<\/strong>(Administreras av stipendiegivarna sj\u00e4lva)<strong><br \/>\n<\/strong><\/p>\n<p>\u00c4ndam\u00e5let med stipendiefonden \u00e4r att \u00e5rligen, under fem \u00e5r, dela ut 20 000 kr till en l\u00e4rare som har h\u00f6g kunskap i sina \u00e4mnen och visat stor pedagogisk skicklighet under det g\u00e5ngna l\u00e4s\u00e5ret. L\u00e4raren utses av skolledningen och elevk\u00e5ren. Stipendiet utdelas endast en g\u00e5ng till en och samma l\u00e4rare.<\/p>\n","protected":false},"excerpt":{"rendered":"<p>Varje \u00e5r delar vi ut stipendier till elever och l\u00e4rare inom Europaskolan som s\u00e4rskilt har utm\u00e4rkt sig under l\u00e4s\u00e5ret. Det g\u00f6r vi bland annat f\u00f6r att fr\u00e4mja kunskap, kreativitet, inspiration och k\u00e4mpagl\u00f6d \u2013 det som v\u00e5r skola st\u00e5r f\u00f6r och vill uppmuntra till. H\u00e4r redovisar vi de stipendier som delas ut p\u00e5 Europaskolan och administreras [&hellip;]<\/p>\n","protected":false},"author":1,"featured_media":0,"parent":0,"menu_order":0,"comment_status":"closed","ping_status":"closed","template":"","meta":{"footnotes":""},"class_list":["post-9291","page","type-page","status-publish","hentry"],"blocksy_meta":[],"rttpg_featured_image_url":null,"rttpg_author":{"display_name":"admin","author_link":"https:\/\/www.europaskolan.se\/rogge\/author\/admin\/"},"rttpg_comment":0,"rttpg_category":null,"rttpg_excerpt":"Varje \u00e5r delar vi ut stipendier till elever och l\u00e4rare inom Europaskolan som s\u00e4rskilt har utm\u00e4rkt sig under l\u00e4s\u00e5ret. Det g\u00f6r vi bland annat f\u00f6r att fr\u00e4mja kunskap, kreativitet, inspiration och k\u00e4mpagl\u00f6d \u2013 det som v\u00e5r skola st\u00e5r f\u00f6r och vill uppmuntra till. H\u00e4r redovisar vi de stipendier som delas ut p\u00e5 Europaskolan och administreras&hellip;","_links":{"self":[{"href":"https:\/\/www.europaskolan.se\/rogge\/wp-json\/wp\/v2\/pages\/9291","targetHints":{"allow":["GET"]}}],"collection":[{"href":"https:\/\/www.europaskolan.se\/rogge\/wp-json\/wp\/v2\/pages"}],"about":[{"href":"https:\/\/www.europaskolan.se\/rogge\/wp-json\/wp\/v2\/types\/page"}],"author":[{"embeddable":true,"href":"https:\/\/www.europaskolan.se\/rogge\/wp-json\/wp\/v2\/users\/1"}],"replies":[{"embeddable":true,"href":"https:\/\/www.europaskolan.se\/rogge\/wp-json\/wp\/v2\/comments?post=9291"}],"version-history":[{"count":0,"href":"https:\/\/www.europaskolan.se\/rogge\/wp-json\/wp\/v2\/pages\/9291\/revisions"}],"wp:attachment":[{"href":"https:\/\/www.europaskolan.se\/rogge\/wp-json\/wp\/v2\/media?parent=9291"}],"curies":[{"name":"wp","href":"https:\/\/api.w.org\/{rel}","templated":true}]}}