{"id":572,"date":"2013-03-05T09:51:39","date_gmt":"2013-03-05T08:51:39","guid":{"rendered":"https:\/\/www.europaskolan.se\/wordpress\/?page_id=572"},"modified":"2026-03-12T11:27:46","modified_gmt":"2026-03-12T10:27:46","slug":"anmalan-till-elevko","status":"publish","type":"page","link":"https:\/\/www.europaskolan.se\/rogge\/anmalan-till-elevko\/","title":{"rendered":"Information om anm\u00e4lan till elevk\u00f6"},"content":{"rendered":"<p><img fetchpriority=\"high\" decoding=\"async\" class=\"alignnone size-full wp-image-11040\" src=\"https:\/\/www.europaskolan.se\/rogge\/wp-content\/uploads\/sites\/3\/2024\/01\/ESR_Ny-20.jpg\" alt=\"\" width=\"2000\" height=\"1333\" srcset=\"https:\/\/www.europaskolan.se\/rogge\/wp-content\/uploads\/sites\/3\/2024\/01\/ESR_Ny-20.jpg 2000w, https:\/\/www.europaskolan.se\/rogge\/wp-content\/uploads\/sites\/3\/2024\/01\/ESR_Ny-20-450x300.jpg 450w, https:\/\/www.europaskolan.se\/rogge\/wp-content\/uploads\/sites\/3\/2024\/01\/ESR_Ny-20-1024x682.jpg 1024w, https:\/\/www.europaskolan.se\/rogge\/wp-content\/uploads\/sites\/3\/2024\/01\/ESR_Ny-20-200x133.jpg 200w, https:\/\/www.europaskolan.se\/rogge\/wp-content\/uploads\/sites\/3\/2024\/01\/ESR_Ny-20-768x512.jpg 768w, https:\/\/www.europaskolan.se\/rogge\/wp-content\/uploads\/sites\/3\/2024\/01\/ESR_Ny-20-1536x1024.jpg 1536w, https:\/\/www.europaskolan.se\/rogge\/wp-content\/uploads\/sites\/3\/2024\/01\/ESR_Ny-20-272x182.jpg 272w\" sizes=\"(max-width: 2000px) 100vw, 2000px\" \/><\/p>\n<p data-start=\"148\" data-end=\"288\"><em>M\u00e5nga vill studera p\u00e5 Europaskolan Rogge \u2013 det \u00e4r vi mycket glada f\u00f6r! Det stora intresset betyder ocks\u00e5 att det \u00e4r k\u00f6 till skolans platser.<\/em><\/p>\n<h3>Skolans urvalskriterier vid m\u00e5nga s\u00f6kande<\/h3>\n<p><strong>Om det \u00e4r fler s\u00f6kande \u00e4n vad det finns platser p\u00e5 skolan tas eleverna emot enligt k\u00f6datum<\/strong>. Det inneb\u00e4r att barnen tas emot utifr\u00e5n vem som har st\u00e5tt l\u00e4ngst tid i k\u00f6n. Syskonf\u00f6rtur g\u00e4ller f\u00f6r barn som har ett syskon som g\u00e5r p\u00e5 skolenheten vid tilltr\u00e4det. Med syskon avses barn som lever i samma familj och \u00e4r folkbokf\u00f6rda p\u00e5 samma adress. Barn som omfattas av syskonf\u00f6rturen g\u00e5r f\u00f6re de barn som st\u00e5tt l\u00e4ngre tid i k\u00f6n men inte har syskon p\u00e5 skolan. V\u00e5rdnadshavare ansvarar f\u00f6r att anm\u00e4la syskonf\u00f6rtur till skolan. Elever p\u00e5 Europaskolan V\u00e5rfruberga som ska b\u00f6rja \u00e5rskurs fyra erbjuds plats p\u00e5 Europaskolan Rogge, eftersom de ing\u00e5r i grundskolan f\u00f6r Stiftelsen Europaskolan.<\/p>\n<p data-start=\"1026\" data-end=\"1398\"><strong>Som v\u00e5rdnadshavare kan du st\u00e4lla ditt barn i k\u00f6 s\u00e5 tidigt som du \u00f6nskar.<\/strong> M\u00e5nga g\u00f6r det redan n\u00e4r deras barn \u00e4r nyf\u00f6dda. T\u00e4nk p\u00e5 att vi ska kunna n\u00e5 dig via e-post n\u00e4r vi erbjuder plats. V\u00e4ljer du en e-postadress till ditt arbete ansvarar du sj\u00e4lv f\u00f6r att uppdatera informationen vid eventuell byte av arbetsplats, f\u00f6r att inte riskera att f\u00f6rlora erbjuden plats.<\/p>\n<hr \/>\n<h3>Du kan endast st\u00e4lla ditt barn i k\u00f6 f\u00f6r start i \u00e5rskurs \u00e5rskurs 4\u20139<\/h3>\n<p><strong>Observera att du, trots flera k\u00f6alternativ, endast kan ans\u00f6ka till \u00e5rskurs 4\u20139,<\/strong> via anm\u00e4lningsformul\u00e4ret p\u00e5 v\u00e5r webbplats. Lediga platser i \u00e5rskurs 5, 6, 7, 8 eller 9 erbjuds i m\u00e5n av tillg\u00e5ng. Till \u00e5rskurs 7, och i m\u00e5n av plats \u00e5rskurs 8 och 9, kan du \u00e4ven ans\u00f6ka till v\u00e5r spetsutbildning, vilket g\u00f6rs via s\u00e4rskild ans\u00f6kan och antagningsprov. <a href=\"https:\/\/www.europaskolan.se\/rogge\/om-vara-spetsutbildningar\/\">L\u00e4s mer om v\u00e5ra spetsutbildningar h\u00e4r &gt;<\/a><\/p>\n<p><strong><a href=\"https:\/\/www.europaskolan.se\/varfruberga\/information-om-koanmalan-till-forskolan-och-grundskolan\/\">Europaskolan V\u00e5rfruberga F\u20133 har en egen k\u00f6 p\u00e5 sin webbplats &gt;<\/a><\/strong><\/p>\n<hr \/>\n<h3>Urval till Europaskolan Rogge<\/h3>\n<p>(G\u00e4ller fr\u00e5n och med l\u00e4s\u00e5ret 2025\/2026.)<\/p>\n<ol>\n<li data-start=\"2030\" data-end=\"2115\">Elev fr\u00e5n \u00e5rskurs tre p\u00e5 Europaskolan V\u00e5rfruberga (erbjuds plats till \u00e5rskurs 4)<\/li>\n<li data-start=\"2119\" data-end=\"2133\">Syskonf\u00f6rtur<\/li>\n<li data-start=\"2137\" data-end=\"2162\">Anm\u00e4lningsdatum (k\u00f6tid)<\/li>\n<\/ol>\n<p><strong>H\u00e4r hittar du anm\u00e4lningsformul\u00e4r och antagningsreglerna i sin helhet f\u00f6r Europaskolan Rogge \u00e5rskurs 4\u20139:<\/strong><\/p>\n<p><a href=\"https:\/\/apply.meitner.se\/organizations\/a69f89ff-b39c-48e4-af7b-1c3a02dade77\/schools\/2db51f35-4a99-4410-8c00-ac956bd37d78\/applications\/new\">Anm\u00e4lningsformul\u00e4r Europaskolan Rogge &gt;<\/a><br \/>\n<a href=\"https:\/\/www.europaskolan.se\/rogge\/wp-content\/uploads\/sites\/3\/2024\/01\/Antagningsregler-ES-Rogge-3.pdf\">Antagningsregler f\u00f6r Europaskolan Rogge &gt;<\/a><\/p>\n<hr \/>\n<h3 data-start=\"2385\" data-end=\"2589\">Vill du veta mer? V\u00e4lkommen att kontakta oss!<\/h3>\n<p data-start=\"2385\" data-end=\"2589\"><strong>Till receptionen v\u00e4nder du dig med fr\u00e5gor som \u00e4ndring av anm\u00e4lningsuppgifter<\/strong> och kontroll av k\u00f6plats, och till rektor med fr\u00e5gor om regler och best\u00e4mmelser.<\/p>\n<p><em>Varmt v\u00e4lkommen med din ans\u00f6kan!<\/em><\/p>\n<hr \/>\n<h3>Reception<\/h3>\n<p><strong>Telefon:<\/strong>\u00a00152-33 35 00<br \/>\n<strong>E-post:\u00a0<\/strong><a href=\"mailto:info.rogge@europaskolan.se\">info.rogge@europaskolan.se<\/a><\/p>\n<hr \/>\n<h3>Rektor<\/h3>\n<p><strong>Christoffer Bergfors<\/strong><\/p>\n<p>Arbetsrum i A-huset.<br \/>\n<strong>Telefon:<\/strong> 0152-33 35 01<br \/>\n<strong>E-post:<\/strong>\u00a0<a href=\"mailto:christoffer.bergfors@europaskolan.se\">christoffer.bergfors@europaskolan.se<\/a><\/p>\n","protected":false},"excerpt":{"rendered":"<p>M\u00e5nga vill studera p\u00e5 Europaskolan Rogge \u2013 det \u00e4r vi mycket glada f\u00f6r! Det stora intresset betyder ocks\u00e5 att det \u00e4r k\u00f6 till skolans platser. Skolans urvalskriterier vid m\u00e5nga s\u00f6kande Om det \u00e4r fler s\u00f6kande \u00e4n vad det finns platser p\u00e5 skolan tas eleverna emot enligt k\u00f6datum. Det inneb\u00e4r att barnen tas emot utifr\u00e5n vem [&hellip;]<\/p>\n","protected":false},"author":2,"featured_media":0,"parent":0,"menu_order":6,"comment_status":"closed","ping_status":"closed","template":"","meta":{"footnotes":""},"class_list":["post-572","page","type-page","status-publish","hentry"],"blocksy_meta":[],"rttpg_featured_image_url":null,"rttpg_author":{"display_name":"camilla","author_link":"https:\/\/www.europaskolan.se\/rogge\/author\/camilla\/"},"rttpg_comment":0,"rttpg_category":null,"rttpg_excerpt":"M\u00e5nga vill studera p\u00e5 Europaskolan Rogge \u2013 det \u00e4r vi mycket glada f\u00f6r! Det stora intresset betyder ocks\u00e5 att det \u00e4r k\u00f6 till skolans platser. Skolans urvalskriterier vid m\u00e5nga s\u00f6kande Om det \u00e4r fler s\u00f6kande \u00e4n vad det finns platser p\u00e5 skolan tas eleverna emot enligt k\u00f6datum. Det inneb\u00e4r att barnen tas emot utifr\u00e5n vem&hellip;","_links":{"self":[{"href":"https:\/\/www.europaskolan.se\/rogge\/wp-json\/wp\/v2\/pages\/572","targetHints":{"allow":["GET"]}}],"collection":[{"href":"https:\/\/www.europaskolan.se\/rogge\/wp-json\/wp\/v2\/pages"}],"about":[{"href":"https:\/\/www.europaskolan.se\/rogge\/wp-json\/wp\/v2\/types\/page"}],"author":[{"embeddable":true,"href":"https:\/\/www.europaskolan.se\/rogge\/wp-json\/wp\/v2\/users\/2"}],"replies":[{"embeddable":true,"href":"https:\/\/www.europaskolan.se\/rogge\/wp-json\/wp\/v2\/comments?post=572"}],"version-history":[{"count":0,"href":"https:\/\/www.europaskolan.se\/rogge\/wp-json\/wp\/v2\/pages\/572\/revisions"}],"wp:attachment":[{"href":"https:\/\/www.europaskolan.se\/rogge\/wp-json\/wp\/v2\/media?parent=572"}],"curies":[{"name":"wp","href":"https:\/\/api.w.org\/{rel}","templated":true}]}}