{"id":564,"date":"2013-03-05T09:46:42","date_gmt":"2013-03-05T08:46:42","guid":{"rendered":"https:\/\/www.europaskolan.se\/wordpress\/?page_id=564"},"modified":"2026-04-22T10:17:44","modified_gmt":"2026-04-22T08:17:44","slug":"it-pa-europaskolan-rogge","status":"publish","type":"page","link":"https:\/\/www.europaskolan.se\/rogge\/it-pa-europaskolan-rogge\/","title":{"rendered":"IT p\u00e5 Europaskolan Rogge"},"content":{"rendered":"<h3>Datorer, intran\u00e4t och den senaste tekniken<\/h3>\n<p><em>P\u00e5 Europaskolan Rogge satsar vi p\u00e5 att ha bra utrustning och den senaste tekniken. H\u00e4r finns tr\u00e5dl\u00f6st n\u00e4tverk och bildkanoner i varje klassrum. Alla l\u00e4rare har \u00e4ven b\u00e4rbara datorer. Som elev f\u00e5r du anv\u00e4nda dator\/surfplatta i undervisningssyfte.<\/em><\/p>\n<h3>Meitner \u2013 v\u00e5rt eget intran\u00e4t<\/h3>\n<p><strong>Europaskolan Rogge anv\u00e4nder Meitner som intran\u00e4t,<\/strong> ett administrativt system som \u00e4r helt internetbaserat.<\/p>\n<h3>Allt du beh\u00f6ver veta<\/h3>\n<p><strong>P\u00e5 Meitner finns allt du beh\u00f6ver veta, b\u00e5de som elev och v\u00e5rdnadshavare.<\/strong> H\u00e4r finns lektionsplaneringar, sammanfattningar, scheman, hemuppgifter och resultat. Fr\u00e5nvaro rapporteras ocks\u00e5 dagligen p\u00e5 ett tydligt s\u00e4tt. Varje elev och v\u00e5rdnadshavare har egna sidor, som \u00e4r skyddade med l\u00f6senord. \u00c4r det n\u00e5got du som elev har gjort extra bra? Eller \u00e4r det n\u00e5got du beh\u00f6ver tr\u00e4na mer p\u00e5? P\u00e5 Meitner f\u00e5r du veta det direkt, p\u00e5 din egen sida.<\/p>\n<h3>Egen dator fr\u00e5n \u00e5rskurs 4<\/h3>\n<p><strong>P\u00e5 Europaskolan Rogge f\u00e5r du en egen dator, <\/strong>fr\u00e5n och med \u00e5rskurs 4<strong>. <\/strong>Den anv\u00e4nder du b\u00e5de i skolan och f\u00f6r hemuppgifter.<\/p>\n<hr \/>\n<h3><b>Kontakt<\/b><\/h3>\n<p>IT-teknikerna\u00a0finns tillg\u00e4ngliga p\u00e5 gymnasiet\u00a0Europaskolan Str\u00e4ngn\u00e4s, i Arteshuset.<\/p>\n<p><strong>Johan Eklund<\/strong><br \/>\n<strong>Mobil:\u00a0<\/strong>076-767 50 98<br \/>\n<strong>E-post:<\/strong>\u00a0<a href=\"mailto:johan.eklund@europaskolan.se\">johan.eklund@europaskolan.se<\/a><\/p>\n<p><strong>Jimi Sandsten<br \/>\nTelefon:<\/strong> 076-767 44 24<br \/>\n<strong>E-post:\u00a0<\/strong><a href=\"mailto:jimi.sandsten@europaskolan.se\">jimi.sandsten@europaskolan.se<\/a><\/p>\n","protected":false},"excerpt":{"rendered":"<p>Datorer, intran\u00e4t och den senaste tekniken P\u00e5 Europaskolan Rogge satsar vi p\u00e5 att ha bra utrustning och den senaste tekniken. H\u00e4r finns tr\u00e5dl\u00f6st n\u00e4tverk och bildkanoner i varje klassrum. Alla l\u00e4rare har \u00e4ven b\u00e4rbara datorer. Som elev f\u00e5r du anv\u00e4nda dator\/surfplatta i undervisningssyfte. Meitner \u2013 v\u00e5rt eget intran\u00e4t Europaskolan Rogge anv\u00e4nder Meitner som intran\u00e4t, ett [&hellip;]<\/p>\n","protected":false},"author":2,"featured_media":0,"parent":0,"menu_order":5,"comment_status":"closed","ping_status":"closed","template":"","meta":{"footnotes":""},"class_list":["post-564","page","type-page","status-publish","hentry"],"blocksy_meta":[],"rttpg_featured_image_url":null,"rttpg_author":{"display_name":"camilla","author_link":"https:\/\/www.europaskolan.se\/rogge\/author\/camilla\/"},"rttpg_comment":0,"rttpg_category":null,"rttpg_excerpt":"Datorer, intran\u00e4t och den senaste tekniken P\u00e5 Europaskolan Rogge satsar vi p\u00e5 att ha bra utrustning och den senaste tekniken. H\u00e4r finns tr\u00e5dl\u00f6st n\u00e4tverk och bildkanoner i varje klassrum. Alla l\u00e4rare har \u00e4ven b\u00e4rbara datorer. Som elev f\u00e5r du anv\u00e4nda dator\/surfplatta i undervisningssyfte. Meitner \u2013 v\u00e5rt eget intran\u00e4t Europaskolan Rogge anv\u00e4nder Meitner som intran\u00e4t, ett&hellip;","_links":{"self":[{"href":"https:\/\/www.europaskolan.se\/rogge\/wp-json\/wp\/v2\/pages\/564","targetHints":{"allow":["GET"]}}],"collection":[{"href":"https:\/\/www.europaskolan.se\/rogge\/wp-json\/wp\/v2\/pages"}],"about":[{"href":"https:\/\/www.europaskolan.se\/rogge\/wp-json\/wp\/v2\/types\/page"}],"author":[{"embeddable":true,"href":"https:\/\/www.europaskolan.se\/rogge\/wp-json\/wp\/v2\/users\/2"}],"replies":[{"embeddable":true,"href":"https:\/\/www.europaskolan.se\/rogge\/wp-json\/wp\/v2\/comments?post=564"}],"version-history":[{"count":0,"href":"https:\/\/www.europaskolan.se\/rogge\/wp-json\/wp\/v2\/pages\/564\/revisions"}],"wp:attachment":[{"href":"https:\/\/www.europaskolan.se\/rogge\/wp-json\/wp\/v2\/media?parent=564"}],"curies":[{"name":"wp","href":"https:\/\/api.w.org\/{rel}","templated":true}]}}