{"id":562,"date":"2013-02-27T14:33:26","date_gmt":"2013-02-27T13:33:26","guid":{"rendered":"https:\/\/www.europaskolan.se\/wordpress\/?page_id=562"},"modified":"2024-01-03T12:34:24","modified_gmt":"2024-01-03T11:34:24","slug":"maltidsupplevelse","status":"publish","type":"page","link":"https:\/\/www.europaskolan.se\/rogge\/maltidsupplevelse\/","title":{"rendered":"Skolm\u00e5ltiden p\u00e5 Europaskolan Rogge"},"content":{"rendered":"<p><a href=\"https:\/\/www.europaskolan.se\/rogge\/wp-content\/uploads\/Matsalenliten.jpg\"><img fetchpriority=\"high\" decoding=\"async\" class=\"alignnone size-large wp-image-11067\" src=\"https:\/\/www.europaskolan.se\/rogge\/wp-content\/uploads\/sites\/3\/2024\/01\/ESR_Skollunch-1-1-1024x682.jpg\" alt=\"\" width=\"1024\" height=\"682\" srcset=\"https:\/\/www.europaskolan.se\/rogge\/wp-content\/uploads\/sites\/3\/2024\/01\/ESR_Skollunch-1-1-1024x682.jpg 1024w, https:\/\/www.europaskolan.se\/rogge\/wp-content\/uploads\/sites\/3\/2024\/01\/ESR_Skollunch-1-1-450x300.jpg 450w, https:\/\/www.europaskolan.se\/rogge\/wp-content\/uploads\/sites\/3\/2024\/01\/ESR_Skollunch-1-1-200x133.jpg 200w, https:\/\/www.europaskolan.se\/rogge\/wp-content\/uploads\/sites\/3\/2024\/01\/ESR_Skollunch-1-1-768x512.jpg 768w, https:\/\/www.europaskolan.se\/rogge\/wp-content\/uploads\/sites\/3\/2024\/01\/ESR_Skollunch-1-1-1536x1024.jpg 1536w, https:\/\/www.europaskolan.se\/rogge\/wp-content\/uploads\/sites\/3\/2024\/01\/ESR_Skollunch-1-1-272x182.jpg 272w, https:\/\/www.europaskolan.se\/rogge\/wp-content\/uploads\/sites\/3\/2024\/01\/ESR_Skollunch-1-1.jpg 2000w\" sizes=\"(max-width: 1024px) 100vw, 1024px\" \/><\/a><\/p>\n<h3>Hemlagad mat fr\u00e5n grunden \u2013 som p\u00e5 restaurang<\/h3>\n<p><em>God, n\u00e4ringsrik och hemlagad mat, det f\u00e5r du som elev p\u00e5 Europaskolan.\u00a0Vi har egna tillagningsk\u00f6k, med riktiga r\u00e5varor och egna kockar \u2013 precis som p\u00e5 en restaurang; d\u00e4rf\u00f6r talar vi om \u201cm\u00e5ltidsupplevelsen\u201d.<\/em><\/p>\n<p><strong>F\u00f6r att orka hela dagen \u00e4r det f\u00f6rst\u00e5s viktigt med en bra lunch.<\/strong>\u00a0V\u00e5rt m\u00e5l \u00e4r d\u00e4rf\u00f6r att\u00a0servera b\u00e5de god och n\u00e4ringsriktig mat, lagad fr\u00e5n grunden.<\/p>\n<p><strong>Varje dag kan du v\u00e4lja mellan flera r\u00e4tter.<\/strong>\u00a0Sj\u00e4lvklart tar vi ocks\u00e5 h\u00e4nsyn till allergier och behov av specialkost. H\u00e4r ska du kunna \u00e4ta vare sig du \u00e4r vegetarian, gluten- eller laktosintolerant.<\/p>\n<p><img decoding=\"async\" class=\"alignnone size-full wp-image-5697\" src=\"https:\/\/www.europaskolan.se\/wp-content\/uploads\/2014\/11\/Europamat4.jpg\" alt=\"\" width=\"940\" height=\"500\" \/><\/p>\n<p><strong>S\u00e5 l\u00e5ngt som m\u00f6jligt anv\u00e4nder vi s\u00e4songsanpassade och ekologiska r\u00e5varor.<\/strong>\u00a0 Vi serverar bara svensk k\u00f6ttr\u00e5vara \u2013 s\u00e5v\u00e4l n\u00f6t som fl\u00e4sk och kyckling. Dessutom har vi alltid en dag per vecka med enbart vegetariska r\u00e4tter.<\/p>\n<p><strong>Men vi n\u00f6jer oss inte med det.\u00a0Skolm\u00e5ltiden ska vara en helhetsupplevelse<\/strong>\u00a0och en rofylld stund, som att g\u00e5 p\u00e5 restaurang.<\/p>\n<p><strong>Vill du veta mer?\u00a0<\/strong><a href=\"https:\/\/www.europaskolan.se\/riktlinjer-for-skolmaltiden-pa-europaskolan-i-strangnas-och-malmkoping\/\">H\u00e4r \u00e4r v\u00e5ra riktlinjer f\u00f6r skolm\u00e5ltiden inom Europaskolan &gt;<\/a><\/p>\n<hr \/>\n<p><strong>S\u00e5 h\u00e4r s\u00e4ger v\u00e5r k\u00f6ksm\u00e4stare,\u00a0<\/strong><strong>Jacob Andersson<\/strong><strong>:<\/strong><\/p>\n<p>God, n\u00e4ringsrik och alltid hemlagad mat med stor variation och valm\u00f6jlighet, det ska vara vardagen f\u00f6r dig som elev.<\/p>\n<p>Vi anpassar v\u00e5ra buff\u00e9er fr\u00e5n dag till dag beroende p\u00e5 \u00e5tg\u00e5ng, dagspriser och sj\u00e4lvklart efter s\u00e4song. Allt f\u00f6r att dagligen f\u00e5 fram s\u00e5 god och ekonomiskt h\u00e5llbar mat som m\u00f6jligt.<\/p>\n<p>H\u00e4r slopar vi den traditionella skolbespisningen och halvfabrikat. I st\u00e4llet h\u00e4lsar vi dig v\u00e4lkommen till en m\u00e5ltid med\u00a0genuina\u00a0r\u00e5varor och\u00a0riktiga\u00a0kockar. Precis som p\u00e5 en restaurang.<\/p>\n<p><em>Smaklig m\u00e5ltid!<br \/>\n<\/em><em>Jacob Andersson<\/em><em>, k\u00f6ksm\u00e4stare<\/em><\/p>\n<p>PS. Har du n\u00e5got eget favoritrecept? Som elev kan du komma med f\u00f6rslag genom skolans matr\u00e5d och v\u00e5ra \u00f6nskel\u00e5dor som finns placerade i v\u00e5ra matsalar.<\/p>\n<hr \/>\n<p><strong><a title=\"Meny Europaskolan Rogge\" href=\"https:\/\/www.europaskolan.se\/rogge\/europaskolan-rogge\/meny-europaskolan-rogge\/\">H\u00e4r hittar du\u00a0veckans meny\u00a0&gt;<\/a><\/strong><\/p>\n<hr \/>\n<p><strong>Kontakt<\/strong><\/p>\n<p><strong>Jacob Andersson<\/strong><br \/>\n<strong>Telefon:<\/strong> 076-7670450<br \/>\n<strong>E-post:<\/strong>\u00a0<a href=\"mailto:jacob.andersson@europaskolan.se\">jacob.andersson@europaskolan.se<\/a><\/p>\n","protected":false},"excerpt":{"rendered":"<p>Hemlagad mat fr\u00e5n grunden \u2013 som p\u00e5 restaurang God, n\u00e4ringsrik och hemlagad mat, det f\u00e5r du som elev p\u00e5 Europaskolan.\u00a0Vi har egna tillagningsk\u00f6k, med riktiga r\u00e5varor och egna kockar \u2013 precis som p\u00e5 en restaurang; d\u00e4rf\u00f6r talar vi om \u201cm\u00e5ltidsupplevelsen\u201d. F\u00f6r att orka hela dagen \u00e4r det f\u00f6rst\u00e5s viktigt med en bra lunch.\u00a0V\u00e5rt m\u00e5l \u00e4r [&hellip;]<\/p>\n","protected":false},"author":2,"featured_media":0,"parent":0,"menu_order":4,"comment_status":"closed","ping_status":"closed","template":"","meta":{"footnotes":""},"class_list":["post-562","page","type-page","status-publish","hentry"],"blocksy_meta":[],"rttpg_featured_image_url":null,"rttpg_author":{"display_name":"camilla","author_link":"https:\/\/www.europaskolan.se\/rogge\/author\/camilla\/"},"rttpg_comment":0,"rttpg_category":null,"rttpg_excerpt":"Hemlagad mat fr\u00e5n grunden \u2013 som p\u00e5 restaurang God, n\u00e4ringsrik och hemlagad mat, det f\u00e5r du som elev p\u00e5 Europaskolan.\u00a0Vi har egna tillagningsk\u00f6k, med riktiga r\u00e5varor och egna kockar \u2013 precis som p\u00e5 en restaurang; d\u00e4rf\u00f6r talar vi om \u201cm\u00e5ltidsupplevelsen\u201d. F\u00f6r att orka hela dagen \u00e4r det f\u00f6rst\u00e5s viktigt med en bra lunch.\u00a0V\u00e5rt m\u00e5l \u00e4r&hellip;","_links":{"self":[{"href":"https:\/\/www.europaskolan.se\/rogge\/wp-json\/wp\/v2\/pages\/562","targetHints":{"allow":["GET"]}}],"collection":[{"href":"https:\/\/www.europaskolan.se\/rogge\/wp-json\/wp\/v2\/pages"}],"about":[{"href":"https:\/\/www.europaskolan.se\/rogge\/wp-json\/wp\/v2\/types\/page"}],"author":[{"embeddable":true,"href":"https:\/\/www.europaskolan.se\/rogge\/wp-json\/wp\/v2\/users\/2"}],"replies":[{"embeddable":true,"href":"https:\/\/www.europaskolan.se\/rogge\/wp-json\/wp\/v2\/comments?post=562"}],"version-history":[{"count":0,"href":"https:\/\/www.europaskolan.se\/rogge\/wp-json\/wp\/v2\/pages\/562\/revisions"}],"wp:attachment":[{"href":"https:\/\/www.europaskolan.se\/rogge\/wp-json\/wp\/v2\/media?parent=562"}],"curies":[{"name":"wp","href":"https:\/\/api.w.org\/{rel}","templated":true}]}}