{"id":549,"date":"2013-02-27T10:50:40","date_gmt":"2013-02-27T09:50:40","guid":{"rendered":"https:\/\/www.europaskolan.se\/wordpress\/?page_id=549"},"modified":"2025-11-11T11:28:08","modified_gmt":"2025-11-11T10:28:08","slug":"spetsutbildningen","status":"publish","type":"page","link":"https:\/\/www.europaskolan.se\/rogge\/spetsutbildningen\/","title":{"rendered":"Spetsutbildningar p\u00e5 Europaskolan Rogge"},"content":{"rendered":"<p><img fetchpriority=\"high\" decoding=\"async\" class=\"alignnone size-large wp-image-11035\" src=\"https:\/\/www.europaskolan.se\/rogge\/wp-content\/uploads\/sites\/3\/2024\/01\/ESR_Spets-1-1-1024x683.jpg\" alt=\"\" width=\"1024\" height=\"683\" srcset=\"https:\/\/www.europaskolan.se\/rogge\/wp-content\/uploads\/sites\/3\/2024\/01\/ESR_Spets-1-1-1024x683.jpg 1024w, https:\/\/www.europaskolan.se\/rogge\/wp-content\/uploads\/sites\/3\/2024\/01\/ESR_Spets-1-1-450x300.jpg 450w, https:\/\/www.europaskolan.se\/rogge\/wp-content\/uploads\/sites\/3\/2024\/01\/ESR_Spets-1-1-200x133.jpg 200w, https:\/\/www.europaskolan.se\/rogge\/wp-content\/uploads\/sites\/3\/2024\/01\/ESR_Spets-1-1-768x512.jpg 768w, https:\/\/www.europaskolan.se\/rogge\/wp-content\/uploads\/sites\/3\/2024\/01\/ESR_Spets-1-1-1536x1024.jpg 1536w, https:\/\/www.europaskolan.se\/rogge\/wp-content\/uploads\/sites\/3\/2024\/01\/ESR_Spets-1-1-2048x1365.jpg 2048w, https:\/\/www.europaskolan.se\/rogge\/wp-content\/uploads\/sites\/3\/2024\/01\/ESR_Spets-1-1-272x182.jpg 272w\" sizes=\"(max-width: 1024px) 100vw, 1024px\" \/><\/p>\n<p><i>\u00c4r du en stj\u00e4rna p\u00e5 matte och NO? Eller \u00e4lskar du samh\u00e4llskunskap och historia? D\u00e5 \u00e4r\u00a0Europaskolan Rogges spetsutbildningar n\u00e5got f\u00f6r dig.<\/i>\u00a0<i>Hos oss f\u00e5r du f\u00f6rdjupa och bredda dina kunskaper \u2013\u00a0en chans f\u00f6r dig i h\u00f6st.<\/i><\/p>\n<p><em>Spetsutbildningar p\u00e5 Europaskolan Rogge har fram till v\u00e5rterminen 2025 bedrivits som f\u00f6rs\u00f6ksverksamhet, vilken nu har avslutas. Efter riksdagsbeslut inf\u00f6rs nu spetsutbildning som en permanent del och Europaskolan Rogge har ans\u00f6kt om och blivit beviljade att fortsatt f\u00e5 bedriva v\u00e5ra tv\u00e5 spetsutbildningar med start till h\u00f6stterminen 2025.\u00a0\u00a0<\/em><\/p>\n<p><b>Europaskolan Rogge i Str\u00e4ngn\u00e4s erbjuder tv\u00e5 spetsutbildningar fr\u00e5n \u00e5rskurs 7:<\/b><\/p>\n<p>1. Matematik, kemi, fysik och biologi<br \/>\n2. Samh\u00e4llskunskap och historia<\/p>\n<p>Spetsutbildningarna betyder en fantastisk chans f\u00f6r dig som har s\u00e4rskilda ambitioner inom dessa \u00e4mnen. Hos oss f\u00e5r du kompisar och l\u00e4rare som f\u00f6rst\u00e5r dig precis. H\u00e4r har du chansen att utvecklas och ta vara p\u00e5 hela din kapacitet \u2013 n\u00e5got som \u00e4r b\u00e5de l\u00e4rorikt och kul. Europaskolan Rogge \u00e4r en av f\u00e5 grundskolor som erbjuder tv\u00e5 spetsutbildningar. S\u00f6k nu s\u00e5 kan en av platserna bli din!<br \/>\nL\u00e4s mer om v\u00e5ra spetsutbildningar\u00a0<a href=\"https:\/\/www.europaskolan.se\/rogge\/om-vara-spetsutbildningar\/\">H\u00c4R<\/a><\/p>\n<p>&nbsp;<\/p>\n<p><img decoding=\"async\" class=\"alignnone size-large wp-image-11036\" src=\"https:\/\/www.europaskolan.se\/rogge\/wp-content\/uploads\/sites\/3\/2024\/01\/ES_bildspel-7-1024x632.jpg\" alt=\"\" width=\"1024\" height=\"632\" srcset=\"https:\/\/www.europaskolan.se\/rogge\/wp-content\/uploads\/sites\/3\/2024\/01\/ES_bildspel-7-1024x632.jpg 1024w, https:\/\/www.europaskolan.se\/rogge\/wp-content\/uploads\/sites\/3\/2024\/01\/ES_bildspel-7-486x300.jpg 486w, https:\/\/www.europaskolan.se\/rogge\/wp-content\/uploads\/sites\/3\/2024\/01\/ES_bildspel-7-200x123.jpg 200w, https:\/\/www.europaskolan.se\/rogge\/wp-content\/uploads\/sites\/3\/2024\/01\/ES_bildspel-7-768x474.jpg 768w, https:\/\/www.europaskolan.se\/rogge\/wp-content\/uploads\/sites\/3\/2024\/01\/ES_bildspel-7-1536x947.jpg 1536w, https:\/\/www.europaskolan.se\/rogge\/wp-content\/uploads\/sites\/3\/2024\/01\/ES_bildspel-7.jpg 2048w\" sizes=\"(max-width: 1024px) 100vw, 1024px\" \/><\/p>\n<h3>Ans\u00f6kan till \u00e5k 7 h\u00f6sten 2026<\/h3>\n<p><span style=\"font-size: 16px\">I och med de nya reglerna s\u00e5 inf\u00f6rs ett test till varje spetsinrikning som ska g\u00f6ras av alla som s\u00f6ker till v\u00e5ra tv\u00e5 spetsutbildningar. Du kan v\u00e4lja att s\u00f6ka till en eller b\u00e5da v\u00e5ra spetsutbildning, och det \u00e4r ett test till respektive inriktning. Nedan f\u00f6ljer den prelimin\u00e4ra antagningsprocessen, med reservation f\u00f6r f\u00f6r\u00e4ndringar.<\/span><\/p>\n<ul>\n<li><span style=\"font-size: 16px\">Information om spetsprov g\u00e5r ut v.3 via v\u00e5ra sociala medier och p\u00e5 v\u00e5r hemsida.<\/span><\/li>\n<li><span style=\"font-size: 16px\">Informationstillf\u00e4lle med respektive spetsansvarig l\u00e4rare \u00e4r planerat att ske v.5.<\/span><\/li>\n<li><span style=\"font-size: 16px\">Spetsprov skrivs p\u00e5 tv\u00e5 olika dagar, sannolikt v 7.<\/span><\/li>\n<li>Spetsansvariga meddelar beslut om antagning v.13.<\/li>\n<\/ul>\n<p><span style=\"font-size: 16px\"> Under h\u00f6sten kommer elever fr\u00e5n spetsutbildningarna att g\u00f6ra en spetspodd, d\u00e4r de ber\u00e4ttar hur det \u00e4r att g\u00e5 spetsutbildning p\u00e5 Europaskolan Rogge och dessa kommer publiceras p\u00e5 v\u00e5r hemsida och sociala medier <a href=\"https:\/\/www.facebook.com\/ESRogge\">Facebook.com\/ESRogge<\/a><\/span><\/p>\n<h3>Ans\u00f6kan till \u00e5k 8 och \u00e5k 9<\/h3>\n<p>\u00c4r Du intresserad av spetsutbildning och g\u00e5r i \u00e5rskurs 8 eller 9 p\u00e5 h\u00f6gstadiet s\u00e5 \u00e4r du alltid v\u00e4lkommen att skicka in en ans\u00f6kan. Ifall det blir en plats ledig s\u00e5 kontaktar vi dig s\u00e5 du kan g\u00f6ra ett test till aktuell spetsutbildning.<\/p>\n<p><strong>Ans\u00f6knings\u00adhandlingar \u00e5k 7-9:<\/strong><\/p>\n<p><strong>Ans\u00f6k till &gt; <span style=\"color: #e84491\"><a style=\"color: #e84491\" href=\"https:\/\/www.europaskolan.se\/rogge\/wp-content\/uploads\/sites\/3\/2025\/01\/ESR_Ansokan-spetsutbildning-ma-1.pdf\">Spetsutbildning i matematik och NO<\/a><\/span><br \/>\n<\/strong><strong>Ans\u00f6k till &gt; <a href=\"https:\/\/www.europaskolan.se\/rogge\/wp-content\/uploads\/sites\/3\/2024\/01\/ESR_Ansokan_Spetsutbildning_SO.pdf\">Spetsutbildning i samh\u00e4llskunskap och historia<\/a><\/strong><\/p>\n<p>Alla som skickar in ans\u00f6kningshandling inf\u00f6r \u00e5k 7 senast v4 f\u00e5r information via mail inf\u00f6r kommande informationstr\u00e4ffar och spetsprov. Samtliga som st\u00e5r i k\u00f6 till Europaskolan Rogge kommer f\u00e5 meddelande till den e-postadress som angavs vid registreringen med information om antagningsprocessen till sin mail.<\/p>\n<h3>Bor du inte i Str\u00e4ngn\u00e4s?<\/h3>\n<p><b>Europaskolan Rogge ligger n\u00e4ra Str\u00e4ngn\u00e4s resecentrum.\u00a0<\/b>Bara 50 minuter bort med t\u00e5get ligger Stockholm och till Eskilstuna tar det en kvart. \u00c4ven om du inte bor i Str\u00e4ngn\u00e4s, \u00e4r det enkelt att komma hit \u00f6ver dagen. Det finns ocks\u00e5 m\u00f6jlighet att bo i en trygg v\u00e4rdfamilj. Str\u00e4ngn\u00e4s \u00e4r en av Sveriges \u00e4ldsta skolst\u00e4der, och har en perfekt milj\u00f6 f\u00f6r b\u00e5de studier och fritid. Vad s\u00e4gs om en badstrand mitt i stan, n\u00e4ra till allt och m\u00e5nga m\u00f6jligheter till idrotts- och friluftsliv? Det finns ocks\u00e5 mysiga caf\u00e9er och en bio.\u00a0<b>L\u00e4s mer om Str\u00e4ngn\u00e4s hos\u00a0<\/b><a href=\"http:\/\/strangnas.se\/sv\/Uppleva-gora\/Turistbyra\/\">Str\u00e4ngn\u00e4s kommun<\/a>.<\/p>\n<p><strong>Vill du veta mer?<\/strong> V\u00e4lkommen att kontakta oss!<\/p>\n<hr \/>\n<h3>Reception<\/h3>\n<p><strong>Telefon:<\/strong>\u00a00152-33 35 00<br \/>\n<strong>E-post:\u00a0<\/strong><a href=\"mailto:info.rogge@europaskolan.se\">info.rogge@europaskolan.se<\/a><\/p>\n<hr \/>\n<h3>Rektor<\/h3>\n<p><strong>Christoffer Bergfors<\/strong><\/p>\n<p>Arbetsrum i A-huset.<br \/>\n<strong>Telefon:<\/strong> 0152-33 35 01<br \/>\n<strong>E-post:<\/strong>\u00a0<a href=\"mailto:christoffer.bergfors@europaskolan.se\">christoffer.bergfors@europaskolan.se<\/a><\/p>\n<p><em>Varmt v\u00e4lkommen med din ans\u00f6kan!<\/em><\/p>\n","protected":false},"excerpt":{"rendered":"<p>\u00c4r du en stj\u00e4rna p\u00e5 matte och NO? Eller \u00e4lskar du samh\u00e4llskunskap och historia? D\u00e5 \u00e4r\u00a0Europaskolan Rogges spetsutbildningar n\u00e5got f\u00f6r dig.\u00a0Hos oss f\u00e5r du f\u00f6rdjupa och bredda dina kunskaper \u2013\u00a0en chans f\u00f6r dig i h\u00f6st. Spetsutbildningar p\u00e5 Europaskolan Rogge har fram till v\u00e5rterminen 2025 bedrivits som f\u00f6rs\u00f6ksverksamhet, vilken nu har avslutas. Efter riksdagsbeslut inf\u00f6rs nu [&hellip;]<\/p>\n","protected":false},"author":2,"featured_media":0,"parent":0,"menu_order":2,"comment_status":"closed","ping_status":"closed","template":"","meta":{"footnotes":""},"class_list":["post-549","page","type-page","status-publish","hentry"],"blocksy_meta":[],"rttpg_featured_image_url":null,"rttpg_author":{"display_name":"camilla","author_link":"https:\/\/www.europaskolan.se\/rogge\/author\/camilla\/"},"rttpg_comment":0,"rttpg_category":null,"rttpg_excerpt":"\u00c4r du en stj\u00e4rna p\u00e5 matte och NO? Eller \u00e4lskar du samh\u00e4llskunskap och historia? D\u00e5 \u00e4r\u00a0Europaskolan Rogges spetsutbildningar n\u00e5got f\u00f6r dig.\u00a0Hos oss f\u00e5r du f\u00f6rdjupa och bredda dina kunskaper \u2013\u00a0en chans f\u00f6r dig i h\u00f6st. Spetsutbildningar p\u00e5 Europaskolan Rogge har fram till v\u00e5rterminen 2025 bedrivits som f\u00f6rs\u00f6ksverksamhet, vilken nu har avslutas. Efter riksdagsbeslut inf\u00f6rs nu&hellip;","_links":{"self":[{"href":"https:\/\/www.europaskolan.se\/rogge\/wp-json\/wp\/v2\/pages\/549","targetHints":{"allow":["GET"]}}],"collection":[{"href":"https:\/\/www.europaskolan.se\/rogge\/wp-json\/wp\/v2\/pages"}],"about":[{"href":"https:\/\/www.europaskolan.se\/rogge\/wp-json\/wp\/v2\/types\/page"}],"author":[{"embeddable":true,"href":"https:\/\/www.europaskolan.se\/rogge\/wp-json\/wp\/v2\/users\/2"}],"replies":[{"embeddable":true,"href":"https:\/\/www.europaskolan.se\/rogge\/wp-json\/wp\/v2\/comments?post=549"}],"version-history":[{"count":0,"href":"https:\/\/www.europaskolan.se\/rogge\/wp-json\/wp\/v2\/pages\/549\/revisions"}],"wp:attachment":[{"href":"https:\/\/www.europaskolan.se\/rogge\/wp-json\/wp\/v2\/media?parent=549"}],"curies":[{"name":"wp","href":"https:\/\/api.w.org\/{rel}","templated":true}]}}