{"id":3278,"date":"2013-09-05T10:49:29","date_gmt":"2013-09-05T08:49:29","guid":{"rendered":"https:\/\/www.europaskolan.se\/wordpress\/?page_id=3278"},"modified":"2026-01-14T10:18:24","modified_gmt":"2026-01-14T09:18:24","slug":"lediga-tjanster","status":"publish","type":"page","link":"https:\/\/www.europaskolan.se\/rogge\/lediga-tjanster\/","title":{"rendered":"Jobba hos oss"},"content":{"rendered":"<p><em><img fetchpriority=\"high\" decoding=\"async\" class=\"alignnone size-full wp-image-9062\" src=\"https:\/\/www.europaskolan.se\/rogge\/wp-content\/uploads\/sites\/3\/2019\/03\/europaskolan_rogge_7an2-675x300.jpg\" alt=\"\" width=\"675\" height=\"300\" srcset=\"https:\/\/www.europaskolan.se\/rogge\/wp-content\/uploads\/sites\/3\/2019\/03\/europaskolan_rogge_7an2-675x300.jpg 675w, https:\/\/www.europaskolan.se\/rogge\/wp-content\/uploads\/sites\/3\/2019\/03\/europaskolan_rogge_7an2-675x300-200x89.jpg 200w\" sizes=\"(max-width: 675px) 100vw, 675px\" \/><\/em><\/p>\n<p><em>Har du l\u00e4rarutbildning, gediget engagemang och stort intresse f\u00f6r att arbeta med ungdomar? D\u00e5 kan du bli en av oss p\u00e5 Europaskolan Rogge.<\/em><\/p>\n<h3>H\u00e4r presenterar vi lediga tj\u00e4nster p\u00e5 skolan<\/h3>\n<hr \/>\n<p><strong>Lediga tj\u00e4nster p\u00e5 Europaskolan Rogge<\/strong><\/p>\n<p>&nbsp;<\/p>\n<p>Just nu har vi inga lediga tj\u00e4nster.<br \/>\nV\u00e4lkommen \u00e5ter.<\/p>\n<p>&nbsp;<\/p>\n<hr \/>\n<p><strong>Vi s\u00f6ker l\u00f6pande personer som vill ing\u00e5 i v\u00e5r vikariepool.<\/strong><br \/>\nEgenskaper vi v\u00e4rdes\u00e4tter hos den som vill vikariera \u00e4r att:<\/p>\n<ul>\n<li>\u00a0du \u00e4r l\u00f6sningsorienterad<\/li>\n<li>\u00a0du \u00e4r strukturerad<\/li>\n<li>\u00a0du \u00e4r trygg i dig sj\u00e4lv och ditt ledarskap.<\/li>\n<\/ul>\n<p><strong>Vana av vikariat i skolv\u00e4rlden \u00e4r ett plus.<\/strong> Vissa av v\u00e5ra vikarier \u00e4r alltid tillg\u00e4ngliga medan andra kombinerar exempelvis studier med vikariat. Oavsett om du kan n\u00e5gon dag i m\u00e5naden, endast f\u00f6rmiddagar eller flera dagar i veckan s\u00e5 kan r\u00e4tt person alltid f\u00e5 behovsanst\u00e4llning. Skicka in din ans\u00f6kan med cv och personligt brev till:<\/p>\n<p><strong>E-post:<\/strong> <a href=\"mailto:ansokan.rogge@europaskolan.se\">ansokan.rogge@europaskolan.se<\/a>.<br \/>\n<strong>M\u00e4rk din ans\u00f6kan: <\/strong>Vikariepool<\/p>\n","protected":false},"excerpt":{"rendered":"<p>Har du l\u00e4rarutbildning, gediget engagemang och stort intresse f\u00f6r att arbeta med ungdomar? D\u00e5 kan du bli en av oss p\u00e5 Europaskolan Rogge. H\u00e4r presenterar vi lediga tj\u00e4nster p\u00e5 skolan Lediga tj\u00e4nster p\u00e5 Europaskolan Rogge &nbsp; Just nu har vi inga lediga tj\u00e4nster. V\u00e4lkommen \u00e5ter. &nbsp; Vi s\u00f6ker l\u00f6pande personer som vill ing\u00e5 i v\u00e5r [&hellip;]<\/p>\n","protected":false},"author":2,"featured_media":0,"parent":0,"menu_order":2,"comment_status":"closed","ping_status":"closed","template":"","meta":{"footnotes":""},"class_list":["post-3278","page","type-page","status-publish","hentry"],"blocksy_meta":[],"rttpg_featured_image_url":null,"rttpg_author":{"display_name":"camilla","author_link":"https:\/\/www.europaskolan.se\/rogge\/author\/camilla\/"},"rttpg_comment":0,"rttpg_category":null,"rttpg_excerpt":"Har du l\u00e4rarutbildning, gediget engagemang och stort intresse f\u00f6r att arbeta med ungdomar? D\u00e5 kan du bli en av oss p\u00e5 Europaskolan Rogge. H\u00e4r presenterar vi lediga tj\u00e4nster p\u00e5 skolan Lediga tj\u00e4nster p\u00e5 Europaskolan Rogge &nbsp; Just nu har vi inga lediga tj\u00e4nster. V\u00e4lkommen \u00e5ter. &nbsp; Vi s\u00f6ker l\u00f6pande personer som vill ing\u00e5 i v\u00e5r&hellip;","_links":{"self":[{"href":"https:\/\/www.europaskolan.se\/rogge\/wp-json\/wp\/v2\/pages\/3278","targetHints":{"allow":["GET"]}}],"collection":[{"href":"https:\/\/www.europaskolan.se\/rogge\/wp-json\/wp\/v2\/pages"}],"about":[{"href":"https:\/\/www.europaskolan.se\/rogge\/wp-json\/wp\/v2\/types\/page"}],"author":[{"embeddable":true,"href":"https:\/\/www.europaskolan.se\/rogge\/wp-json\/wp\/v2\/users\/2"}],"replies":[{"embeddable":true,"href":"https:\/\/www.europaskolan.se\/rogge\/wp-json\/wp\/v2\/comments?post=3278"}],"version-history":[{"count":0,"href":"https:\/\/www.europaskolan.se\/rogge\/wp-json\/wp\/v2\/pages\/3278\/revisions"}],"wp:attachment":[{"href":"https:\/\/www.europaskolan.se\/rogge\/wp-json\/wp\/v2\/media?parent=3278"}],"curies":[{"name":"wp","href":"https:\/\/api.w.org\/{rel}","templated":true}]}}