{"id":3093,"date":"2013-09-02T12:39:59","date_gmt":"2013-09-02T10:39:59","guid":{"rendered":"https:\/\/www.europaskolan.se\/wordpress\/?page_id=3093"},"modified":"2018-10-22T14:12:46","modified_gmt":"2018-10-22T12:12:46","slug":"mot-vara-elever","status":"publish","type":"page","link":"https:\/\/www.europaskolan.se\/rogge\/europaskolan-rogge\/mot-vara-elever\/","title":{"rendered":"M\u00f6t v\u00e5ra elever"},"content":{"rendered":"<p><img fetchpriority=\"high\" decoding=\"async\" class=\"size-medium wp-image-3095 alignleft\" src=\"https:\/\/www.europaskolan.se\/rogge\/wp-content\/uploads\/2013\/09\/Josefin-195x300.jpg\" alt=\"\" width=\"195\" height=\"300\" \/><\/p>\n<p><strong>Josefine Eklund<\/strong><\/p>\n<p><span style=\"color: #ee3d96\">Jag valde Europaskolan Rogge<\/span> f\u00f6r att\u00a0den var ny och k\u00e4ndes sp\u00e4nnande.\u00a0Det skulle bli roligt att l\u00e4ra k\u00e4nna\u00a0nya m\u00e4nniskor<\/p>\n<p><span style=\"color: #7da53f\">I en bra skola f\u00e5r man tydliga uppgifter<\/span> och l\u00e4rarna kan sitt \u00e4mne. Sammanh\u00e5llningen \u00e4r ocks\u00e5 viktig, b\u00e5de inom och mellan klasserna. Allt det st\u00e4mmer p\u00e5 Europaskolan Rogge. Jag har l\u00e4rt mig s\u00e5 mycket!<\/p>\n<p><span style=\"color: #f7941e\">Innan jag b\u00f6rjade h\u00e4r var jag blygare.<\/span>\u00a0Nu v\u00e5gar jag mer s\u00e4ga min \u00e5sikt. H\u00e4r har jag f\u00e5tt \u00f6va p\u00e5 att h\u00e5lla presentationer och vara med i diskussioner.<\/p>\n<p><span style=\"color: #3bbae2\">Gymnasiet kommer jag att g\u00e5 p\u00e5\u00a0Europaskolan Str\u00e4ngn\u00e4s, <\/span>eftersom den h\u00f6r ihop med Europaskolan Rogge. D\u00e4r vill jag l\u00e4sa ett brett program. Vad jag vill jobba med i framtiden vet jag \u00e4nnu inte. Kanske blir jag l\u00e4kare?<\/p>\n<p>&nbsp;<\/p>\n<hr \/>\n<p>&nbsp;<\/p>\n<p><strong><img decoding=\"async\" class=\"size-medium wp-image-3115 alignleft\" src=\"https:\/\/www.europaskolan.se\/rogge\/wp-content\/uploads\/2013\/09\/Hugo-195x300.jpg\" alt=\"\" width=\"195\" height=\"300\" \/>Hugo Lindgren<\/strong><\/p>\n<p><span style=\"color: #ee3d96\">En bra skola ska vara lite mindre,<\/span> ligga centralt och n\u00e4ra d\u00e4r man bor. Det g\u00f6r Europaskolan Rogge. Jag valde ocks\u00e5 den h\u00e4r skolan f\u00f6r att mina kompisar gjorde det.<\/p>\n<p><span style=\"color: #7da53f\">Extra bra med Europaskolan Rogge \u00e4r SchoolSoft.<\/span>\u00a0Det g\u00f6r det l\u00e4tt att f\u00e5 tydlig information. Man g\u00e5r sj\u00e4lv in och kollar om man \u00e4r os\u00e4ker p\u00e5 n\u00e5got. Det ligger inte heller massa grejer \u00f6verallt h\u00e4r, som p\u00e5 st\u00f6rre skolor.<\/p>\n<p><span style=\"color: #f7941e\">Jag gillar ocks\u00e5 att vi f\u00e5r g\u00f6ra mycket saker p\u00e5 skolan, <\/span>ut\u00f6ver skolarbetet. Vi har haft mycket kul de h\u00e4r \u00e5ren, b\u00e5de inom och mellan klasserna. Ett exempel \u00e4r\u00a0Roggestafetten, d\u00e4r klasserna t\u00e4vlar mot varandra i olika grenar, som att balansera \u00e4gg medan de \u00e4r utkl\u00e4dda. Under min tid h\u00e4r har jag l\u00e4rt mig att ta ansvar f\u00f6r skolan. Jag har ocks\u00e5 l\u00e4rt mig att anv\u00e4nda tiden och g\u00f6ra det jag ska. Hur? Ja, det \u00e4r v\u00e4l mina gener &#8230;<\/p>\n<p><span style=\"color: #3bbae2\">Inf\u00f6r framtiden vill jag satsa p\u00e5 en bred utbildning.<\/span> Jag har best\u00e4mt mig f\u00f6r att g\u00e5 gymnasiet p\u00e5 Europaskolan Str\u00e4ngn\u00e4s.<\/p>\n","protected":false},"excerpt":{"rendered":"<p>Josefine Eklund Jag valde Europaskolan Rogge f\u00f6r att\u00a0den var ny och k\u00e4ndes sp\u00e4nnande.\u00a0Det skulle bli roligt att l\u00e4ra k\u00e4nna\u00a0nya m\u00e4nniskor I en bra skola f\u00e5r man tydliga uppgifter och l\u00e4rarna kan sitt \u00e4mne. Sammanh\u00e5llningen \u00e4r ocks\u00e5 viktig, b\u00e5de inom och mellan klasserna. Allt det st\u00e4mmer p\u00e5 Europaskolan Rogge. Jag har l\u00e4rt mig s\u00e5 mycket! Innan [&hellip;]<\/p>\n","protected":false},"author":2,"featured_media":0,"parent":20,"menu_order":5,"comment_status":"closed","ping_status":"closed","template":"","meta":{"footnotes":""},"class_list":["post-3093","page","type-page","status-publish","hentry"],"blocksy_meta":[],"rttpg_featured_image_url":null,"rttpg_author":{"display_name":"camilla","author_link":"https:\/\/www.europaskolan.se\/rogge\/author\/camilla\/"},"rttpg_comment":0,"rttpg_category":null,"rttpg_excerpt":"Josefine Eklund Jag valde Europaskolan Rogge f\u00f6r att\u00a0den var ny och k\u00e4ndes sp\u00e4nnande.\u00a0Det skulle bli roligt att l\u00e4ra k\u00e4nna\u00a0nya m\u00e4nniskor I en bra skola f\u00e5r man tydliga uppgifter och l\u00e4rarna kan sitt \u00e4mne. Sammanh\u00e5llningen \u00e4r ocks\u00e5 viktig, b\u00e5de inom och mellan klasserna. Allt det st\u00e4mmer p\u00e5 Europaskolan Rogge. Jag har l\u00e4rt mig s\u00e5 mycket! Innan&hellip;","_links":{"self":[{"href":"https:\/\/www.europaskolan.se\/rogge\/wp-json\/wp\/v2\/pages\/3093","targetHints":{"allow":["GET"]}}],"collection":[{"href":"https:\/\/www.europaskolan.se\/rogge\/wp-json\/wp\/v2\/pages"}],"about":[{"href":"https:\/\/www.europaskolan.se\/rogge\/wp-json\/wp\/v2\/types\/page"}],"author":[{"embeddable":true,"href":"https:\/\/www.europaskolan.se\/rogge\/wp-json\/wp\/v2\/users\/2"}],"replies":[{"embeddable":true,"href":"https:\/\/www.europaskolan.se\/rogge\/wp-json\/wp\/v2\/comments?post=3093"}],"version-history":[{"count":0,"href":"https:\/\/www.europaskolan.se\/rogge\/wp-json\/wp\/v2\/pages\/3093\/revisions"}],"up":[{"embeddable":true,"href":"https:\/\/www.europaskolan.se\/rogge\/wp-json\/wp\/v2\/pages\/20"}],"wp:attachment":[{"href":"https:\/\/www.europaskolan.se\/rogge\/wp-json\/wp\/v2\/media?parent=3093"}],"curies":[{"name":"wp","href":"https:\/\/api.w.org\/{rel}","templated":true}]}}