{"id":2876,"date":"2013-08-28T10:37:38","date_gmt":"2013-08-28T08:37:38","guid":{"rendered":"https:\/\/www.europaskolan.se\/wordpress\/?page_id=2876"},"modified":"2026-04-20T10:08:25","modified_gmt":"2026-04-20T08:08:25","slug":"meny-europaskolan-rogge","status":"publish","type":"page","link":"https:\/\/www.europaskolan.se\/rogge\/meny-europaskolan-rogge\/","title":{"rendered":"Meny Europaskolan Rogge"},"content":{"rendered":"<p><img fetchpriority=\"high\" decoding=\"async\" class=\"alignnone size-full wp-image-11155\" src=\"https:\/\/www.europaskolan.se\/rogge\/wp-content\/uploads\/sites\/3\/2024\/01\/ESR-Matsalen.jpg\" alt=\"\" width=\"1000\" height=\"666\" srcset=\"https:\/\/www.europaskolan.se\/rogge\/wp-content\/uploads\/sites\/3\/2024\/01\/ESR-Matsalen.jpg 1000w, https:\/\/www.europaskolan.se\/rogge\/wp-content\/uploads\/sites\/3\/2024\/01\/ESR-Matsalen-450x300.jpg 450w, https:\/\/www.europaskolan.se\/rogge\/wp-content\/uploads\/sites\/3\/2024\/01\/ESR-Matsalen-200x133.jpg 200w, https:\/\/www.europaskolan.se\/rogge\/wp-content\/uploads\/sites\/3\/2024\/01\/ESR-Matsalen-768x511.jpg 768w, https:\/\/www.europaskolan.se\/rogge\/wp-content\/uploads\/sites\/3\/2024\/01\/ESR-Matsalen-272x182.jpg 272w\" sizes=\"(max-width: 1000px) 100vw, 1000px\" \/><\/p>\n<h5>Bland annat kommer vi servera dessa r\u00e4tter under vecka 17<\/h5>\n<h5><em style=\"font-size: 16px;\">(Vi serverar vegetariska alternativ dagligen.)<\/em><\/h5>\n<hr \/>\n<p data-start=\"51\" data-end=\"166\"><strong data-start=\"51\" data-end=\"61\">M\u00e5ndag<\/strong><br data-start=\"61\" data-end=\"64\" \/>Kycklinglasagne med mozzarella och basilika<br data-start=\"107\" data-end=\"110\" \/>Vegetariskt alternativ: Lasagne med spenat och fetaost<\/p>\n<p data-start=\"168\" data-end=\"325\"><strong data-start=\"168\" data-end=\"178\">Tisdag<\/strong><br data-start=\"178\" data-end=\"181\" \/>Panerad stekt kummelfil\u00e9 med gr\u00e4ddfilss\u00e5s och kokt potatis<br data-start=\"239\" data-end=\"242\" \/>Vegetariskt alternativ: Panerad stekt quornfil\u00e9 med gr\u00e4ddfilss\u00e5s och kokt potatis<\/p>\n<p data-start=\"327\" data-end=\"457\"><strong data-start=\"327\" data-end=\"337\">Onsdag<\/strong><br data-start=\"337\" data-end=\"340\" \/>Stekt blodpudding med potatisbullar och lingonsylt<br data-start=\"390\" data-end=\"393\" \/>Vegetariskt alternativ: Rostade gr\u00f6nsaker med fetaost och fr\u00f6n<\/p>\n<p data-start=\"459\" data-end=\"565\"><strong data-start=\"459\" data-end=\"470\">Torsdag<\/strong><br data-start=\"470\" data-end=\"473\" \/>Kyckling i gul currys\u00e5s med ris<br data-start=\"504\" data-end=\"507\" \/>Vegetariskt alternativ: Bondb\u00f6nor i gul currys\u00e5s med ris<\/p>\n<p data-start=\"567\" data-end=\"707\" data-is-last-node=\"\" data-is-only-node=\"\"><strong data-start=\"567\" data-end=\"577\">Fredag<\/strong><br data-start=\"577\" data-end=\"580\" \/>Pannbiff med bruns\u00e5s, kokt potatis och gr\u00f6na b\u00f6nor<br data-start=\"630\" data-end=\"633\" \/>Vegetariskt alternativ: Vegobiff med bruns\u00e5s, kokt potatis och gr\u00f6na b\u00f6nor<\/p>\n<hr \/>\n<p><em>Med reservation f\u00f6r avvikelser.<\/em><\/p>\n","protected":false},"excerpt":{"rendered":"<p>Bland annat kommer vi servera dessa r\u00e4tter under vecka 17 (Vi serverar vegetariska alternativ dagligen.) M\u00e5ndagKycklinglasagne med mozzarella och basilikaVegetariskt alternativ: Lasagne med spenat och fetaost TisdagPanerad stekt kummelfil\u00e9 med gr\u00e4ddfilss\u00e5s och kokt potatisVegetariskt alternativ: Panerad stekt quornfil\u00e9 med gr\u00e4ddfilss\u00e5s och kokt potatis OnsdagStekt blodpudding med potatisbullar och lingonsyltVegetariskt alternativ: Rostade gr\u00f6nsaker med fetaost och [&hellip;]<\/p>\n","protected":false},"author":2,"featured_media":0,"parent":0,"menu_order":9,"comment_status":"closed","ping_status":"closed","template":"","meta":{"footnotes":""},"class_list":["post-2876","page","type-page","status-publish","hentry"],"blocksy_meta":[],"rttpg_featured_image_url":null,"rttpg_author":{"display_name":"camilla","author_link":"https:\/\/www.europaskolan.se\/rogge\/author\/camilla\/"},"rttpg_comment":0,"rttpg_category":null,"rttpg_excerpt":"Bland annat kommer vi servera dessa r\u00e4tter under vecka 17 (Vi serverar vegetariska alternativ dagligen.) M\u00e5ndagKycklinglasagne med mozzarella och basilikaVegetariskt alternativ: Lasagne med spenat och fetaost TisdagPanerad stekt kummelfil\u00e9 med gr\u00e4ddfilss\u00e5s och kokt potatisVegetariskt alternativ: Panerad stekt quornfil\u00e9 med gr\u00e4ddfilss\u00e5s och kokt potatis OnsdagStekt blodpudding med potatisbullar och lingonsyltVegetariskt alternativ: Rostade gr\u00f6nsaker med fetaost och&hellip;","_links":{"self":[{"href":"https:\/\/www.europaskolan.se\/rogge\/wp-json\/wp\/v2\/pages\/2876","targetHints":{"allow":["GET"]}}],"collection":[{"href":"https:\/\/www.europaskolan.se\/rogge\/wp-json\/wp\/v2\/pages"}],"about":[{"href":"https:\/\/www.europaskolan.se\/rogge\/wp-json\/wp\/v2\/types\/page"}],"author":[{"embeddable":true,"href":"https:\/\/www.europaskolan.se\/rogge\/wp-json\/wp\/v2\/users\/2"}],"replies":[{"embeddable":true,"href":"https:\/\/www.europaskolan.se\/rogge\/wp-json\/wp\/v2\/comments?post=2876"}],"version-history":[{"count":0,"href":"https:\/\/www.europaskolan.se\/rogge\/wp-json\/wp\/v2\/pages\/2876\/revisions"}],"wp:attachment":[{"href":"https:\/\/www.europaskolan.se\/rogge\/wp-json\/wp\/v2\/media?parent=2876"}],"curies":[{"name":"wp","href":"https:\/\/api.w.org\/{rel}","templated":true}]}}