{"id":11972,"date":"2025-11-20T12:55:48","date_gmt":"2025-11-20T11:55:48","guid":{"rendered":"https:\/\/www.europaskolan.se\/rogge\/?page_id=11972"},"modified":"2026-01-22T13:53:02","modified_gmt":"2026-01-22T12:53:02","slug":"information-om-ansokan-till-spetsutbildningarna","status":"publish","type":"page","link":"https:\/\/www.europaskolan.se\/rogge\/information-om-ansokan-till-spetsutbildningarna\/","title":{"rendered":"Information om ans\u00f6kan till spetsutbildningarna"},"content":{"rendered":"<p><img fetchpriority=\"high\" decoding=\"async\" class=\"alignnone size-full wp-image-11246\" src=\"https:\/\/www.europaskolan.se\/rogge\/wp-content\/uploads\/sites\/3\/2024\/02\/ESR_Spets-5.jpg\" alt=\"\" width=\"2048\" height=\"1292\" srcset=\"https:\/\/www.europaskolan.se\/rogge\/wp-content\/uploads\/sites\/3\/2024\/02\/ESR_Spets-5.jpg 2048w, https:\/\/www.europaskolan.se\/rogge\/wp-content\/uploads\/sites\/3\/2024\/02\/ESR_Spets-5-476x300.jpg 476w, https:\/\/www.europaskolan.se\/rogge\/wp-content\/uploads\/sites\/3\/2024\/02\/ESR_Spets-5-1024x646.jpg 1024w, https:\/\/www.europaskolan.se\/rogge\/wp-content\/uploads\/sites\/3\/2024\/02\/ESR_Spets-5-200x126.jpg 200w, https:\/\/www.europaskolan.se\/rogge\/wp-content\/uploads\/sites\/3\/2024\/02\/ESR_Spets-5-768x485.jpg 768w, https:\/\/www.europaskolan.se\/rogge\/wp-content\/uploads\/sites\/3\/2024\/02\/ESR_Spets-5-1536x969.jpg 1536w\" sizes=\"(max-width: 2048px) 100vw, 2048px\" \/><\/p>\n<p><em>H\u00e4r hittar du allt du beh\u00f6ver f\u00f6r att s\u00f6ka till Europaskolan Rogges tv\u00e5 spetsutbildningar \u2013 matematik\/NO och samh\u00e4llskunskap\/historia. Oavsett vilken inriktning du v\u00e4ljer \u00f6ppnas d\u00f6rren till en utbildning som ger dig b\u00e5de utmaningar, utveckling och en stark start inf\u00f6r framtiden.<\/em><\/p>\n<hr \/>\n<p><strong>Ans\u00f6kan till spetsutbildning \u00e5rskurs 7, h\u00f6stterminen 2026<\/strong><\/p>\n<h3>N\u00e4r och hur ans\u00f6ker jag?<\/h3>\n<p><strong>Du s\u00f6ker till spetsutbildningarna <\/strong>genom att fylla i ans\u00f6kningsformul\u00e4ret via l\u00e4nkarna (se nedan) och bifoga betyg fr\u00e5n h\u00f6stterminen i \u00e5rskurs 6.<\/p>\n<p><strong>Enligt nya riktlinjer<\/strong> <strong>beh\u00f6ver du g\u00f6ra antagningsprov <\/strong>till spetsutbildningarna. Det \u00e4r ett prov per spetsinriktning: matematik\/NO respektive samh\u00e4llskunskap\/historia. Om du s\u00f6ker b\u00e5da inriktningarna beh\u00f6ver du allts\u00e5 g\u00f6ra tv\u00e5 prov.<\/p>\n<p><strong>Sista dag att ans\u00f6ka \u00e4r s\u00f6ndag 8 februari 2026<\/strong>.<\/p>\n<p><span style=\"color: #004c99;\"><strong>OBS! Ans\u00f6kan samt betyg fr\u00e5n \u00e5rskurs 6 m\u00e5ste ha skickats eller l\u00e4mnats in f\u00f6r att f\u00e5 genomf\u00f6ra spetsprovet, g\u00e4ller externa ans\u00f6kningar. Elever i \u00e5rskurs 6 som g\u00e5r p\u00e5 Europaskolan Rogge har vi betyg p\u00e5.<\/strong><\/span><\/p>\n<hr \/>\n<h3>Ans\u00f6kan spetsutbildning \u00e5rskurs 7\u20139<\/h3>\n<p><strong>Ans\u00f6k till:<\/strong> <a href=\"https:\/\/www.europaskolan.se\/rogge\/wp-content\/uploads\/sites\/3\/2025\/01\/ESR_Ansokan-spetsutbildning-ma-1.pdf\">Spetsutbildning i matematik och NO &gt;<\/a><strong><br \/>\nAns\u00f6k till: <\/strong><a href=\"https:\/\/www.europaskolan.se\/rogge\/wp-content\/uploads\/sites\/3\/2025\/01\/ESR_Ansokan-spetsutbildning-SO-1.pdf\">Spetsutbildning i samh\u00e4llskunskap och historia &gt;<\/a><\/p>\n<p><a href=\"https:\/\/www.europaskolan.se\/rogge\/om-vara-spetsutbildningar\/\">Mer information om utbildningarna hittar du h\u00e4r &gt;<\/a><\/p>\n<hr \/>\n<h3>Den prelimin\u00e4ra antagningsprocessen<\/h3>\n<ul>\n<li data-start=\"451\" data-end=\"527\">Vecka 3: Information om spetsproven publiceras p\u00e5 webb och sociala medier.<\/li>\n<li data-start=\"588\" data-end=\"640\">Vecka 7: Spetsproven genomf\u00f6rs vid tv\u00e5 tillf\u00e4llen.<\/li>\n<li data-start=\"643\" data-end=\"672\">Vecka 13: Antagningsbesked.<\/li>\n<\/ul>\n<hr \/>\n<h3>Datum och tider f\u00f6r spetsproven vecka 7, 2026<\/h3>\n<ul>\n<li>Provdatum f\u00f6r spetsutbildning i samh\u00e4llskunskap och historia, \u00e4r m\u00e5ndagen den 9 februari, klockan 15.00\u201316.00 i E5.<\/li>\n<li>Provdatum f\u00f6r spetsutbildning i matematik och NO, \u00e4r torsdagen den 12 februari, klockan 15.00\u201316.30 i E5.<\/li>\n<\/ul>\n<hr \/>\n<h3>F\u00f6r dig som vill ans\u00f6ka till \u00e5rskurs 8 och 9<\/h3>\n<p><strong>Du som redan g\u00e5r i \u00e5rskurs 8 eller 9<\/strong> kan ans\u00f6ka till v\u00e5ra spetsutbildningar n\u00e4r som helst under \u00e5ret. Om en plats blir ledig kontaktar vi dig, och du f\u00e5r d\u00e5 genomf\u00f6ra testet f\u00f6r den aktuella inriktningen.<\/p>\n<hr \/>\n<h3>\u00c4r du nyfiken p\u00e5 vad v\u00e5ra nuvarande elever tycker?<\/h3>\n<p><strong>Under h\u00f6sten publicerar vi \u00e4ven en podd<\/strong> d\u00e4r v\u00e5ra elever ber\u00e4ttar om hur det \u00e4r att g\u00e5 spets hos oss. <a href=\"https:\/\/open.spotify.com\/episode\/3tvRRQvG2fYva18KFW9w6i?si=vXvdByjITIGI-_WmkYVe1g&amp;t=160\">H\u00e4r kan du lyssna p\u00e5 podden &gt;<\/a><\/p>\n<hr \/>\n<h3><strong>Vill du veta mer?<\/strong>\u00a0V\u00e4lkommen att kontakta oss!<\/h3>\n<h3>Reception<\/h3>\n<p><strong>Telefon:<\/strong>\u00a00152-33 35 00<br \/>\n<strong>E-post:\u00a0<\/strong><a href=\"mailto:info.rogge@europaskolan.se\">info.rogge@europaskolan.se<\/a><\/p>\n<hr \/>\n<h3>Rektor<\/h3>\n<p><strong>Christoffer Bergfors<\/strong><\/p>\n<p>Arbetsrum i A-huset.<br \/>\n<strong>Telefon:<\/strong> 0152-33 35 01<br \/>\n<strong>E-post:<\/strong>\u00a0<a href=\"mailto:christoffer.bergfors@europaskolan.se\">christoffer.bergfors@europaskolan.se<\/a><\/p>\n","protected":false},"excerpt":{"rendered":"<p>H\u00e4r hittar du allt du beh\u00f6ver f\u00f6r att s\u00f6ka till Europaskolan Rogges tv\u00e5 spetsutbildningar \u2013 matematik\/NO och samh\u00e4llskunskap\/historia. Oavsett vilken inriktning du v\u00e4ljer \u00f6ppnas d\u00f6rren till en utbildning som ger dig b\u00e5de utmaningar, utveckling och en stark start inf\u00f6r framtiden. Ans\u00f6kan till spetsutbildning \u00e5rskurs 7, h\u00f6stterminen 2026 N\u00e4r och hur ans\u00f6ker jag? Du s\u00f6ker till [&hellip;]<\/p>\n","protected":false},"author":2,"featured_media":0,"parent":0,"menu_order":0,"comment_status":"closed","ping_status":"closed","template":"","meta":{"footnotes":""},"class_list":["post-11972","page","type-page","status-publish","hentry"],"blocksy_meta":[],"rttpg_featured_image_url":null,"rttpg_author":{"display_name":"camilla","author_link":"https:\/\/www.europaskolan.se\/rogge\/author\/camilla\/"},"rttpg_comment":0,"rttpg_category":null,"rttpg_excerpt":"H\u00e4r hittar du allt du beh\u00f6ver f\u00f6r att s\u00f6ka till Europaskolan Rogges tv\u00e5 spetsutbildningar \u2013 matematik\/NO och samh\u00e4llskunskap\/historia. Oavsett vilken inriktning du v\u00e4ljer \u00f6ppnas d\u00f6rren till en utbildning som ger dig b\u00e5de utmaningar, utveckling och en stark start inf\u00f6r framtiden. Ans\u00f6kan till spetsutbildning \u00e5rskurs 7, h\u00f6stterminen 2026 N\u00e4r och hur ans\u00f6ker jag? Du s\u00f6ker till&hellip;","_links":{"self":[{"href":"https:\/\/www.europaskolan.se\/rogge\/wp-json\/wp\/v2\/pages\/11972","targetHints":{"allow":["GET"]}}],"collection":[{"href":"https:\/\/www.europaskolan.se\/rogge\/wp-json\/wp\/v2\/pages"}],"about":[{"href":"https:\/\/www.europaskolan.se\/rogge\/wp-json\/wp\/v2\/types\/page"}],"author":[{"embeddable":true,"href":"https:\/\/www.europaskolan.se\/rogge\/wp-json\/wp\/v2\/users\/2"}],"replies":[{"embeddable":true,"href":"https:\/\/www.europaskolan.se\/rogge\/wp-json\/wp\/v2\/comments?post=11972"}],"version-history":[{"count":0,"href":"https:\/\/www.europaskolan.se\/rogge\/wp-json\/wp\/v2\/pages\/11972\/revisions"}],"wp:attachment":[{"href":"https:\/\/www.europaskolan.se\/rogge\/wp-json\/wp\/v2\/media?parent=11972"}],"curies":[{"name":"wp","href":"https:\/\/api.w.org\/{rel}","templated":true}]}}