{"id":10547,"date":"2023-10-02T15:14:22","date_gmt":"2023-10-02T13:14:22","guid":{"rendered":"https:\/\/www.europaskolan.se\/rogge\/?page_id=10547"},"modified":"2026-01-17T12:37:56","modified_gmt":"2026-01-17T11:37:56","slug":"om-vara-spetsutbildningar","status":"publish","type":"page","link":"https:\/\/www.europaskolan.se\/rogge\/om-vara-spetsutbildningar\/","title":{"rendered":"Om v\u00e5ra spetsutbildningar"},"content":{"rendered":"<p><img fetchpriority=\"high\" decoding=\"async\" class=\"alignnone size-large wp-image-11050\" src=\"https:\/\/www.europaskolan.se\/rogge\/wp-content\/uploads\/sites\/3\/2024\/01\/ESR-Spets-2-1-1024x683.jpg\" alt=\"\" width=\"1024\" height=\"683\" srcset=\"https:\/\/www.europaskolan.se\/rogge\/wp-content\/uploads\/sites\/3\/2024\/01\/ESR-Spets-2-1-1024x683.jpg 1024w, https:\/\/www.europaskolan.se\/rogge\/wp-content\/uploads\/sites\/3\/2024\/01\/ESR-Spets-2-1-450x300.jpg 450w, https:\/\/www.europaskolan.se\/rogge\/wp-content\/uploads\/sites\/3\/2024\/01\/ESR-Spets-2-1-200x133.jpg 200w, https:\/\/www.europaskolan.se\/rogge\/wp-content\/uploads\/sites\/3\/2024\/01\/ESR-Spets-2-1-768x512.jpg 768w, https:\/\/www.europaskolan.se\/rogge\/wp-content\/uploads\/sites\/3\/2024\/01\/ESR-Spets-2-1-1536x1024.jpg 1536w, https:\/\/www.europaskolan.se\/rogge\/wp-content\/uploads\/sites\/3\/2024\/01\/ESR-Spets-2-1-2048x1365.jpg 2048w, https:\/\/www.europaskolan.se\/rogge\/wp-content\/uploads\/sites\/3\/2024\/01\/ESR-Spets-2-1-272x182.jpg 272w\" sizes=\"(max-width: 1024px) 100vw, 1024px\" \/><\/p>\n<h3>Spetsutbildningar p\u00e5 Europaskolan Rogge<\/h3>\n<p><em>\u00c4r du en stj\u00e4rna p\u00e5 matte och NO \u2013 eller brinner du f\u00f6r samh\u00e4llskunskap och historia? D\u00e5 kan Europaskolan Rogges spetsutbildningar vara r\u00e4tt v\u00e4g f\u00f6r dig. H\u00e4r f\u00e5r du m\u00f6jlighet att b\u00e5de f\u00f6rdjupa och bredda dina kunskaper, tillsammans med andra som delar din nyfikenhet, drivkraft och ambition.<\/em><\/p>\n<p><em><span style=\"color: #004c99;\">V\u00e5ga satsa. V\u00e5ga v\u00e4xa. V\u00e5ga s\u00f6ka \u2013 kanske blir en av platserna din.<\/span><\/em><\/p>\n<hr \/>\n<h3>Vad \u00e4r en spetsutbildning?<\/h3>\n<p><strong>En spetsutbildning riktar sig till elever med s\u00e4rskilt intresse<\/strong> och motivation inom ett \u00e4mnesomr\u00e5de. Undervisningen \u00e4r mer f\u00f6rdjupande och sker delvis i mindre grupper, d\u00e4r du arbetar med avancerade uppgifter och projekt.<\/p>\n<p><strong>P\u00e5 Europaskolan Rogge erbjuder vi tv\u00e5 spetsutbildningar fr\u00e5n \u00e5rskurs 7:<\/strong><\/p>\n<ul>\n<li>Matematik, kemi, fysik och biologi<\/li>\n<li>Samh\u00e4llskunskap och historia<\/li>\n<\/ul>\n<p><strong>Som spetselev hos oss f\u00e5r du utveckla dina \u00e4mneskunskaper,<\/strong> din analytiska f\u00f6rm\u00e5ga och din studieteknik.<\/p>\n<hr \/>\n<h3>S\u00e5 h\u00e4r g\u00e5r det till<\/h3>\n<p><strong>Du g\u00e5r i en vanlig klass<\/strong> och har de flesta \u00e4mnen tillsammans med dina klasskamrater \u2013 men i dina spets\u00e4mnen arbetar du i en mindre grupp med elever som delar ditt intresse. H\u00e4r studerar du i ett h\u00f6gre tempo och p\u00e5 en mer avancerad niv\u00e5. Under vissa lektioner m\u00f6ter du externa f\u00f6rel\u00e4sare och l\u00e4rare fr\u00e5n v\u00e5rt gymnasium, Europaskolan Str\u00e4ngn\u00e4s.<\/p>\n<p><strong>I matematik och NO<\/strong> <strong>varvas teori med experiment,<\/strong> laborationer och praktiska moment. F\u00f6r dig som vill ta steget lite l\u00e4ngre finns m\u00f6jligheten att delta i t\u00e4vlingar som till exempel Sigma8, d\u00e4r v\u00e5ra elever ofta n\u00e5r b\u00e5de semifinal och final.<\/p>\n<p><strong>H\u00f6sten 2024 invigdes dessutom v\u00e5rt totalrenoverade och toppmoderna kemilabb<\/strong> \u2013 en inspirerande l\u00e4rmilj\u00f6 fylld med professionell utrustning som ger dig b\u00e4sta m\u00f6jliga f\u00f6ruts\u00e4ttningar att utforska naturvetenskap p\u00e5 riktigt.<\/p>\n<p><b>I samh\u00e4llskunskap och historia\u00a0<\/b>f\u00e5r du bland annat l\u00e4ra dig om argumentation och retorik. Du f\u00e5r ocks\u00e5 f\u00f6rdjupa dig i samh\u00e4llsaktuella fr\u00e5gor i ett historiskt perspektiv.\u00a0I v\u00e5ra poddrum kan du g\u00f6ra professionella inspelningar och utveckla din f\u00f6rm\u00e5ga att tala inf\u00f6r andra.<\/p>\n<p><strong>Du f\u00e5r v\u00e4gledning av v\u00e5ra v\u00e4lutbildade och engagerade l\u00e4rare<\/strong> genom hela utbildningen. I \u00e5rskurs 9 inneh\u00e5ller undervisningen m\u00e5nga f\u00f6rdjupande moment som helt eller delvis motsvarar gymnasiekurser, vilket ger dig ett tydligt f\u00f6rspr\u00e5ng inf\u00f6r framtida studier.<\/p>\n<hr \/>\n<h3>Varf\u00f6r v\u00e4lja en spetsutbildning?<\/h3>\n<p><strong>En spetsutbildning ger dig m\u00f6jlighet att:<\/strong><\/p>\n<ul>\n<li>utveckla dina styrkor och f\u00f6rdjupa dig i det som engagerar dig mest<\/li>\n<li>arbeta i ett h\u00f6gre tempo och p\u00e5 en mer avancerad niv\u00e5<\/li>\n<li>m\u00f6ta l\u00e4rare som brinner f\u00f6r sina \u00e4mnen<\/li>\n<li>samarbeta med klasskamrater som delar dina intressen<\/li>\n<li>f\u00f6rbereda dig v\u00e4l inf\u00f6r framtida studier.<\/li>\n<\/ul>\n<p><strong>Europaskolan Rogge \u00e4r en av f\u00e5 grundskolor i landet som erbjuder tv\u00e5 spetsutbildningar.<\/strong> V\u00e5r ambition \u00e4r att skapa en milj\u00f6 d\u00e4r du f\u00e5r b\u00e5de utmaningar, trygghet och studiemotivation. Du omges av likasinnade elever som brinner f\u00f6r samma saker som du \u2013 i en gemenskap som lyfter dig, utmanar dig och ger dig b\u00e4sta m\u00f6jliga chans att n\u00e5 din fulla potential.<\/p>\n<hr \/>\n<h3>Bor du inte i Str\u00e4ngn\u00e4s?<\/h3>\n<p><strong>Europaskolan Rogge ligger n\u00e5gra minuter fr\u00e5n Str\u00e4ngn\u00e4s resecentrum.<\/strong> Med t\u00e5g tar det cirka 50 minuter till Stockholm och 15 minuter till Eskilstuna \u2013 smidigt f\u00f6r dig som pendlar.<\/p>\n<p><strong>F\u00f6r elever som beh\u00f6ver det finns m\u00f6jlighet att bo<\/strong> i en trygg och noggrant utvald v\u00e4rdfamilj. Str\u00e4ngn\u00e4s \u00e4r en av Sveriges \u00e4ldsta skolst\u00e4der, med n\u00e4rhet till natur, badstrand mitt i centrum, idrottsanl\u00e4ggningar, caf\u00e9er och biograf. L\u00e4s mer om Str\u00e4ngn\u00e4s p\u00e5 kommunens egen <a href=\"https:\/\/www.strangnas.se\/\">webbplats &gt;<\/a><\/p>\n<hr \/>\n<h3>Ans\u00f6kan<\/h3>\n<p><strong>Ans\u00f6k till: <\/strong><a href=\"https:\/\/www.europaskolan.se\/rogge\/wp-content\/uploads\/sites\/3\/2025\/01\/ESR_Ansokan-spetsutbildning-ma-1.pdf\">Spetsutbildning i matematik och NO &gt;<\/a><br \/>\n<strong>Ans\u00f6k till: <\/strong><a href=\"https:\/\/www.europaskolan.se\/rogge\/wp-content\/uploads\/sites\/3\/2025\/01\/ESR_Ansokan-spetsutbildning-SO-1.pdf\">Spetsutbildning i samh\u00e4llskunskap och historia &gt;<\/a><\/p>\n<p><strong>H\u00e4r hittar du information om:<\/strong> <a href=\"https:\/\/www.europaskolan.se\/rogge\/information-om-ansokan-till-spetsutbildningarna\/\">ans\u00f6kningsprocessen och antagningsproven\u00a0&gt;<\/a><\/p>\n<hr \/>\n<h3>Vill du veta mer?\u00a0V\u00e4lkommen att kontakta oss!<\/h3>\n<h3>Reception<\/h3>\n<p><strong>Telefon:<\/strong>\u00a00152-33 35 00<br \/>\n<strong>E-post:\u00a0<\/strong><a href=\"mailto:info.rogge@europaskolan.se\">info.rogge@europaskolan.se<\/a><\/p>\n<hr \/>\n<h3>Rektor<\/h3>\n<p><strong>Christoffer Bergfors<\/strong><\/p>\n<p>Arbetsrum i A-huset.<br \/>\n<strong>Telefon:<\/strong> 0152-33 35 01<br \/>\n<strong>E-post:<\/strong>\u00a0<a href=\"mailto:christoffer.bergfors@europaskolan.se\">christoffer.bergfors@europaskolan.se<\/a><\/p>\n","protected":false},"excerpt":{"rendered":"<p>Spetsutbildningar p\u00e5 Europaskolan Rogge \u00c4r du en stj\u00e4rna p\u00e5 matte och NO \u2013 eller brinner du f\u00f6r samh\u00e4llskunskap och historia? D\u00e5 kan Europaskolan Rogges spetsutbildningar vara r\u00e4tt v\u00e4g f\u00f6r dig. H\u00e4r f\u00e5r du m\u00f6jlighet att b\u00e5de f\u00f6rdjupa och bredda dina kunskaper, tillsammans med andra som delar din nyfikenhet, drivkraft och ambition. V\u00e5ga satsa. V\u00e5ga v\u00e4xa. [&hellip;]<\/p>\n","protected":false},"author":1,"featured_media":0,"parent":0,"menu_order":0,"comment_status":"closed","ping_status":"closed","template":"","meta":{"footnotes":""},"class_list":["post-10547","page","type-page","status-publish","hentry"],"blocksy_meta":[],"rttpg_featured_image_url":null,"rttpg_author":{"display_name":"admin","author_link":"https:\/\/www.europaskolan.se\/rogge\/author\/admin\/"},"rttpg_comment":0,"rttpg_category":null,"rttpg_excerpt":"Spetsutbildningar p\u00e5 Europaskolan Rogge \u00c4r du en stj\u00e4rna p\u00e5 matte och NO \u2013 eller brinner du f\u00f6r samh\u00e4llskunskap och historia? D\u00e5 kan Europaskolan Rogges spetsutbildningar vara r\u00e4tt v\u00e4g f\u00f6r dig. H\u00e4r f\u00e5r du m\u00f6jlighet att b\u00e5de f\u00f6rdjupa och bredda dina kunskaper, tillsammans med andra som delar din nyfikenhet, drivkraft och ambition. V\u00e5ga satsa. V\u00e5ga v\u00e4xa.&hellip;","_links":{"self":[{"href":"https:\/\/www.europaskolan.se\/rogge\/wp-json\/wp\/v2\/pages\/10547","targetHints":{"allow":["GET"]}}],"collection":[{"href":"https:\/\/www.europaskolan.se\/rogge\/wp-json\/wp\/v2\/pages"}],"about":[{"href":"https:\/\/www.europaskolan.se\/rogge\/wp-json\/wp\/v2\/types\/page"}],"author":[{"embeddable":true,"href":"https:\/\/www.europaskolan.se\/rogge\/wp-json\/wp\/v2\/users\/1"}],"replies":[{"embeddable":true,"href":"https:\/\/www.europaskolan.se\/rogge\/wp-json\/wp\/v2\/comments?post=10547"}],"version-history":[{"count":0,"href":"https:\/\/www.europaskolan.se\/rogge\/wp-json\/wp\/v2\/pages\/10547\/revisions"}],"wp:attachment":[{"href":"https:\/\/www.europaskolan.se\/rogge\/wp-json\/wp\/v2\/media?parent=10547"}],"curies":[{"name":"wp","href":"https:\/\/api.w.org\/{rel}","templated":true}]}}